{"id":643,"date":"2025-12-09T23:11:50","date_gmt":"2025-12-09T23:11:50","guid":{"rendered":"https:\/\/panelsystem.com.ve\/?page_id=643"},"modified":"2026-02-06T14:54:12","modified_gmt":"2026-02-06T14:54:12","slug":"laminas","status":"publish","type":"page","link":"https:\/\/panelsystem.com.ve\/?page_id=643","title":{"rendered":"L\u00e1minas"},"content":{"rendered":"\t\t<div data-elementor-type=\"wp-page\" data-elementor-id=\"643\" class=\"elementor elementor-643\">\n\t\t\t\t<div class=\"elementor-element elementor-element-1229159 e-flex e-con-boxed e-con e-parent\" data-id=\"1229159\" data-element_type=\"container\" data-settings=\"{&quot;background_background&quot;:&quot;classic&quot;}\">\n\t\t\t\t\t<div class=\"e-con-inner\">\n\t\t\t\t\t<\/div>\n\t\t\t\t<\/div>\n\t\t<div class=\"elementor-element elementor-element-df29a36 e-grid e-con-boxed e-con e-parent\" data-id=\"df29a36\" data-element_type=\"container\">\n\t\t\t\t\t<div class=\"e-con-inner\">\n\t\t\t\t<div class=\"elementor-element elementor-element-d878661 elementor-widget elementor-widget-heading\" data-id=\"d878661\" data-element_type=\"widget\" data-widget_type=\"heading.default\">\n\t\t\t\t\t<h2 class=\"elementor-heading-title elementor-size-default\">L\u00c1MINAS DE CART\u00d3N CORRUGADO DE PANEL SYSTEM<\/h2>\t\t\t\t<\/div>\n\t\t\t\t<div class=\"elementor-element elementor-element-1fde392 elementor-widget elementor-widget-text-editor\" data-id=\"1fde392\" data-element_type=\"widget\" data-widget_type=\"text-editor.default\">\n\t\t\t\t\t\t\t\t\t<p style=\"text-align: center;\"><strong>Material de embalaje vers\u00e1til y resistente, compuesto por capas de papel ondulado (conocido como &#8220;corrugado o Medium&#8221;) intercalada entre dos capas planas de papel o cat\u00f3n denominadas &#8220;Liner&#8221;. Este dise\u00f1o crea una estructura ligera pero fuerte, ideal para proteger productos durante el transporte y\/o almacenamiento.<\/strong><\/p>\t\t\t\t\t\t\t\t<\/div>\n\t\t\t\t<div class=\"elementor-element elementor-element-c30a75f elementor-widget elementor-widget-image\" data-id=\"c30a75f\" data-element_type=\"widget\" data-widget_type=\"image.default\">\n\t\t\t\t\t\t\t\t\t\t\t\t\t\t\t<img fetchpriority=\"high\" decoding=\"async\" width=\"281\" height=\"208\" src=\"https:\/\/panelsystem.com.ve\/wp-content\/uploads\/2026\/02\/c5.png\" class=\"attachment-medium size-medium wp-image-1302\" alt=\"\" \/>\t\t\t\t\t\t\t\t\t\t\t\t\t\t\t<\/div>\n\t\t\t\t<div class=\"elementor-element elementor-element-aaa7b42 elementor-widget elementor-widget-image\" data-id=\"aaa7b42\" data-element_type=\"widget\" data-widget_type=\"image.default\">\n\t\t\t\t\t\t\t\t\t\t\t\t\t\t\t<img decoding=\"async\" width=\"1000\" height=\"664\" src=\"https:\/\/panelsystem.com.ve\/wp-content\/uploads\/2026\/02\/Tuempresa_es_Convertidora-Foto-8.jpg\" class=\"attachment-full size-full wp-image-1306\" alt=\"\" srcset=\"https:\/\/panelsystem.com.ve\/wp-content\/uploads\/2026\/02\/Tuempresa_es_Convertidora-Foto-8.jpg 1000w, https:\/\/panelsystem.com.ve\/wp-content\/uploads\/2026\/02\/Tuempresa_es_Convertidora-Foto-8-300x199.jpg 300w, https:\/\/panelsystem.com.ve\/wp-content\/uploads\/2026\/02\/Tuempresa_es_Convertidora-Foto-8-768x510.jpg 768w\" sizes=\"(max-width: 1000px) 100vw, 1000px\" \/>\t\t\t\t\t\t\t\t\t\t\t\t\t\t\t<\/div>\n\t\t\t\t\t<\/div>\n\t\t\t\t<\/div>\n\t\t<div class=\"elementor-element elementor-element-2d95966 e-grid e-con-boxed e-con e-parent\" data-id=\"2d95966\" data-element_type=\"container\">\n\t\t\t\t\t<div class=\"e-con-inner\">\n\t\t\t\t<div class=\"elementor-element elementor-element-4a81dbb elementor-widget elementor-widget-heading\" data-id=\"4a81dbb\" data-element_type=\"widget\" data-widget_type=\"heading.default\">\n\t\t\t\t\t<h2 class=\"elementor-heading-title elementor-size-default\">L\u00c1MINAS SINGLE FACE DE PANEL SYSTEM<\/h2>\t\t\t\t<\/div>\n\t\t\t\t<div class=\"elementor-element elementor-element-7bef318 elementor-widget elementor-widget-text-editor\" data-id=\"7bef318\" data-element_type=\"widget\" data-widget_type=\"text-editor.default\">\n\t\t\t\t\t\t\t\t\t<p><strong>El cart\u00f3n single face, es un tipo de cart\u00f3n ondulado compuesto por una sola capa de papel corrugado (medio ondulado) pegada a una l\u00e1mina plana de papel (Liner). A diferencia de las l\u00e1minas de cart\u00f3n corrugado en capas<span style=\"color: #800000;\">, <span style=\"color: #000000;\">no tiene<\/span> <span style=\"color: #000000;\">una <\/span><\/span>\u00a0segunda l\u00e1mina en el otro lado, lo que lo hace m\u00e1s flexible y ligero. Su estructura consiste en un liner superior y un medio ondulado inferior, sin liner inferior.<\/strong><\/p>\t\t\t\t\t\t\t\t<\/div>\n\t\t\t\t<div class=\"elementor-element elementor-element-de5564a elementor-widget elementor-widget-image\" data-id=\"de5564a\" data-element_type=\"widget\" data-widget_type=\"image.default\">\n\t\t\t\t\t\t\t\t\t\t\t\t\t\t\t<img decoding=\"async\" width=\"735\" height=\"600\" src=\"https:\/\/panelsystem.com.ve\/wp-content\/uploads\/2026\/01\/singleface.png\" class=\"attachment-large size-large wp-image-1021\" alt=\"\" srcset=\"https:\/\/panelsystem.com.ve\/wp-content\/uploads\/2026\/01\/singleface.png 735w, https:\/\/panelsystem.com.ve\/wp-content\/uploads\/2026\/01\/singleface-300x245.png 300w\" sizes=\"(max-width: 735px) 100vw, 735px\" \/>\t\t\t\t\t\t\t\t\t\t\t\t\t\t\t<\/div>\n\t\t\t\t\t<\/div>\n\t\t\t\t<\/div>\n\t\t\t\t<\/div>\n\t\t","protected":false},"excerpt":{"rendered":"<p>L\u00c1MINAS DE CART\u00d3N CORRUGADO DE PANEL SYSTEM Material de embalaje vers\u00e1til y resistente, compuesto por capas de papel ondulado (conocido [&hellip;]<\/p>\n","protected":false},"author":1,"featured_media":0,"parent":0,"menu_order":0,"comment_status":"closed","ping_status":"closed","template":"","meta":{"site-sidebar-layout":"no-sidebar","site-content-layout":"","ast-site-content-layout":"full-width-container","site-content-style":"default","site-sidebar-style":"default","ast-global-header-display":"","ast-banner-title-visibility":"","ast-main-header-display":"","ast-hfb-above-header-display":"","ast-hfb-below-header-display":"","ast-hfb-mobile-header-display":"","site-post-title":"disabled","ast-breadcrumbs-content":"","ast-featured-img":"disabled","footer-sml-layout":"","theme-transparent-header-meta":"","adv-header-id-meta":"","stick-header-meta":"","header-above-stick-meta":"","header-main-stick-meta":"","header-below-stick-meta":"","astra-migrate-meta-layouts":"default","ast-page-background-enabled":"default","ast-page-background-meta":{"desktop":{"background-color":"var(--ast-global-color-5)","background-image":"","background-repeat":"repeat","background-position":"center center","background-size":"auto","background-attachment":"scroll","background-type":"","background-media":"","overlay-type":"","overlay-color":"","overlay-opacity":"","overlay-gradient":""},"tablet":{"background-color":"","background-image":"","background-repeat":"repeat","background-position":"center center","background-size":"auto","background-attachment":"scroll","background-type":"","background-media":"","overlay-type":"","overlay-color":"","overlay-opacity":"","overlay-gradient":""},"mobile":{"background-color":"","background-image":"","background-repeat":"repeat","background-position":"center center","background-size":"auto","background-attachment":"scroll","background-type":"","background-media":"","overlay-type":"","overlay-color":"","overlay-opacity":"","overlay-gradient":""}},"ast-content-background-meta":{"desktop":{"background-color":"var(--ast-global-color-4)","background-image":"","background-repeat":"repeat","background-position":"center center","background-size":"auto","background-attachment":"scroll","background-type":"","background-media":"","overlay-type":"","overlay-color":"","overlay-opacity":"","overlay-gradient":""},"tablet":{"background-color":"var(--ast-global-color-4)","background-image":"","background-repeat":"repeat","background-position":"center center","background-size":"auto","background-attachment":"scroll","background-type":"","background-media":"","overlay-type":"","overlay-color":"","overlay-opacity":"","overlay-gradient":""},"mobile":{"background-color":"var(--ast-global-color-4)","background-image":"","background-repeat":"repeat","background-position":"center center","background-size":"auto","background-attachment":"scroll","background-type":"","background-media":"","overlay-type":"","overlay-color":"","overlay-opacity":"","overlay-gradient":""}},"footnotes":""},"class_list":["post-643","page","type-page","status-publish","hentry"],"yoast_head":"<!-- This site is optimized with the Yoast SEO plugin v26.4 - https:\/\/yoast.com\/wordpress\/plugins\/seo\/ -->\n<title>L\u00e1minas - panelsystem<\/title>\n<meta name=\"robots\" content=\"index, follow, max-snippet:-1, max-image-preview:large, max-video-preview:-1\" \/>\n<link rel=\"canonical\" href=\"https:\/\/panelsystem.com.ve\/?page_id=643\" \/>\n<meta property=\"og:locale\" content=\"en_US\" \/>\n<meta property=\"og:type\" content=\"article\" \/>\n<meta property=\"og:title\" content=\"L\u00e1minas - panelsystem\" \/>\n<meta property=\"og:description\" content=\"L\u00c1MINAS DE CART\u00d3N CORRUGADO DE PANEL SYSTEM Material de embalaje vers\u00e1til y resistente, compuesto por capas de papel ondulado (conocido [&hellip;]\" \/>\n<meta property=\"og:url\" content=\"https:\/\/panelsystem.com.ve\/?page_id=643\" \/>\n<meta property=\"og:site_name\" content=\"panelsystem\" \/>\n<meta property=\"article:modified_time\" content=\"2026-02-06T14:54:12+00:00\" \/>\n<meta property=\"og:image\" content=\"https:\/\/panelsystem.com.ve\/wp-content\/uploads\/2026\/02\/c5.png\" \/>\n\t<meta property=\"og:image:width\" content=\"281\" \/>\n\t<meta property=\"og:image:height\" content=\"208\" \/>\n\t<meta property=\"og:image:type\" content=\"image\/png\" \/>\n<meta name=\"twitter:card\" content=\"summary_large_image\" \/>\n<meta name=\"twitter:label1\" content=\"Est. reading time\" \/>\n\t<meta name=\"twitter:data1\" content=\"1 minute\" \/>\n<script type=\"application\/ld+json\" class=\"yoast-schema-graph\">{\"@context\":\"https:\/\/schema.org\",\"@graph\":[{\"@type\":\"WebPage\",\"@id\":\"https:\/\/panelsystem.com.ve\/?page_id=643\",\"url\":\"https:\/\/panelsystem.com.ve\/?page_id=643\",\"name\":\"L\u00e1minas - panelsystem\",\"isPartOf\":{\"@id\":\"https:\/\/panelsystem.com.ve\/#website\"},\"primaryImageOfPage\":{\"@id\":\"https:\/\/panelsystem.com.ve\/?page_id=643#primaryimage\"},\"image\":{\"@id\":\"https:\/\/panelsystem.com.ve\/?page_id=643#primaryimage\"},\"thumbnailUrl\":\"https:\/\/panelsystem.com.ve\/wp-content\/uploads\/2026\/02\/c5.png\",\"datePublished\":\"2025-12-09T23:11:50+00:00\",\"dateModified\":\"2026-02-06T14:54:12+00:00\",\"breadcrumb\":{\"@id\":\"https:\/\/panelsystem.com.ve\/?page_id=643#breadcrumb\"},\"inLanguage\":\"en-US\",\"potentialAction\":[{\"@type\":\"ReadAction\",\"target\":[\"https:\/\/panelsystem.com.ve\/?page_id=643\"]}]},{\"@type\":\"ImageObject\",\"inLanguage\":\"en-US\",\"@id\":\"https:\/\/panelsystem.com.ve\/?page_id=643#primaryimage\",\"url\":\"https:\/\/panelsystem.com.ve\/wp-content\/uploads\/2026\/02\/c5.png\",\"contentUrl\":\"https:\/\/panelsystem.com.ve\/wp-content\/uploads\/2026\/02\/c5.png\",\"width\":281,\"height\":208},{\"@type\":\"BreadcrumbList\",\"@id\":\"https:\/\/panelsystem.com.ve\/?page_id=643#breadcrumb\",\"itemListElement\":[{\"@type\":\"ListItem\",\"position\":1,\"name\":\"Home\",\"item\":\"https:\/\/panelsystem.com.ve\/\"},{\"@type\":\"ListItem\",\"position\":2,\"name\":\"L\u00e1minas\"}]},{\"@type\":\"WebSite\",\"@id\":\"https:\/\/panelsystem.com.ve\/#website\",\"url\":\"https:\/\/panelsystem.com.ve\/\",\"name\":\"panelsystem\",\"description\":\"\",\"publisher\":{\"@id\":\"https:\/\/panelsystem.com.ve\/#organization\"},\"potentialAction\":[{\"@type\":\"SearchAction\",\"target\":{\"@type\":\"EntryPoint\",\"urlTemplate\":\"https:\/\/panelsystem.com.ve\/?s={search_term_string}\"},\"query-input\":{\"@type\":\"PropertyValueSpecification\",\"valueRequired\":true,\"valueName\":\"search_term_string\"}}],\"inLanguage\":\"en-US\"},{\"@type\":\"Organization\",\"@id\":\"https:\/\/panelsystem.com.ve\/#organization\",\"name\":\"panelsystem\",\"url\":\"https:\/\/panelsystem.com.ve\/\",\"logo\":{\"@type\":\"ImageObject\",\"inLanguage\":\"en-US\",\"@id\":\"https:\/\/panelsystem.com.ve\/#\/schema\/logo\/image\/\",\"url\":\"https:\/\/panelsystem.com.ve\/wp-content\/uploads\/2025\/11\/cropped-logo111.webp\",\"contentUrl\":\"https:\/\/panelsystem.com.ve\/wp-content\/uploads\/2025\/11\/cropped-logo111.webp\",\"width\":223,\"height\":211,\"caption\":\"panelsystem\"},\"image\":{\"@id\":\"https:\/\/panelsystem.com.ve\/#\/schema\/logo\/image\/\"}}]}<\/script>\n<!-- \/ Yoast SEO plugin. -->","yoast_head_json":{"title":"L\u00e1minas - panelsystem","robots":{"index":"index","follow":"follow","max-snippet":"max-snippet:-1","max-image-preview":"max-image-preview:large","max-video-preview":"max-video-preview:-1"},"canonical":"https:\/\/panelsystem.com.ve\/?page_id=643","og_locale":"en_US","og_type":"article","og_title":"L\u00e1minas - panelsystem","og_description":"L\u00c1MINAS DE CART\u00d3N CORRUGADO DE PANEL SYSTEM Material de embalaje vers\u00e1til y resistente, compuesto por capas de papel ondulado (conocido [&hellip;]","og_url":"https:\/\/panelsystem.com.ve\/?page_id=643","og_site_name":"panelsystem","article_modified_time":"2026-02-06T14:54:12+00:00","og_image":[{"width":281,"height":208,"url":"https:\/\/panelsystem.com.ve\/wp-content\/uploads\/2026\/02\/c5.png","type":"image\/png"}],"twitter_card":"summary_large_image","twitter_misc":{"Est. reading time":"1 minute"},"schema":{"@context":"https:\/\/schema.org","@graph":[{"@type":"WebPage","@id":"https:\/\/panelsystem.com.ve\/?page_id=643","url":"https:\/\/panelsystem.com.ve\/?page_id=643","name":"L\u00e1minas - panelsystem","isPartOf":{"@id":"https:\/\/panelsystem.com.ve\/#website"},"primaryImageOfPage":{"@id":"https:\/\/panelsystem.com.ve\/?page_id=643#primaryimage"},"image":{"@id":"https:\/\/panelsystem.com.ve\/?page_id=643#primaryimage"},"thumbnailUrl":"https:\/\/panelsystem.com.ve\/wp-content\/uploads\/2026\/02\/c5.png","datePublished":"2025-12-09T23:11:50+00:00","dateModified":"2026-02-06T14:54:12+00:00","breadcrumb":{"@id":"https:\/\/panelsystem.com.ve\/?page_id=643#breadcrumb"},"inLanguage":"en-US","potentialAction":[{"@type":"ReadAction","target":["https:\/\/panelsystem.com.ve\/?page_id=643"]}]},{"@type":"ImageObject","inLanguage":"en-US","@id":"https:\/\/panelsystem.com.ve\/?page_id=643#primaryimage","url":"https:\/\/panelsystem.com.ve\/wp-content\/uploads\/2026\/02\/c5.png","contentUrl":"https:\/\/panelsystem.com.ve\/wp-content\/uploads\/2026\/02\/c5.png","width":281,"height":208},{"@type":"BreadcrumbList","@id":"https:\/\/panelsystem.com.ve\/?page_id=643#breadcrumb","itemListElement":[{"@type":"ListItem","position":1,"name":"Home","item":"https:\/\/panelsystem.com.ve\/"},{"@type":"ListItem","position":2,"name":"L\u00e1minas"}]},{"@type":"WebSite","@id":"https:\/\/panelsystem.com.ve\/#website","url":"https:\/\/panelsystem.com.ve\/","name":"panelsystem","description":"","publisher":{"@id":"https:\/\/panelsystem.com.ve\/#organization"},"potentialAction":[{"@type":"SearchAction","target":{"@type":"EntryPoint","urlTemplate":"https:\/\/panelsystem.com.ve\/?s={search_term_string}"},"query-input":{"@type":"PropertyValueSpecification","valueRequired":true,"valueName":"search_term_string"}}],"inLanguage":"en-US"},{"@type":"Organization","@id":"https:\/\/panelsystem.com.ve\/#organization","name":"panelsystem","url":"https:\/\/panelsystem.com.ve\/","logo":{"@type":"ImageObject","inLanguage":"en-US","@id":"https:\/\/panelsystem.com.ve\/#\/schema\/logo\/image\/","url":"https:\/\/panelsystem.com.ve\/wp-content\/uploads\/2025\/11\/cropped-logo111.webp","contentUrl":"https:\/\/panelsystem.com.ve\/wp-content\/uploads\/2025\/11\/cropped-logo111.webp","width":223,"height":211,"caption":"panelsystem"},"image":{"@id":"https:\/\/panelsystem.com.ve\/#\/schema\/logo\/image\/"}}]}},"_links":{"self":[{"href":"https:\/\/panelsystem.com.ve\/index.php?rest_route=\/wp\/v2\/pages\/643","targetHints":{"allow":["GET"]}}],"collection":[{"href":"https:\/\/panelsystem.com.ve\/index.php?rest_route=\/wp\/v2\/pages"}],"about":[{"href":"https:\/\/panelsystem.com.ve\/index.php?rest_route=\/wp\/v2\/types\/page"}],"author":[{"embeddable":true,"href":"https:\/\/panelsystem.com.ve\/index.php?rest_route=\/wp\/v2\/users\/1"}],"replies":[{"embeddable":true,"href":"https:\/\/panelsystem.com.ve\/index.php?rest_route=%2Fwp%2Fv2%2Fcomments&post=643"}],"version-history":[{"count":78,"href":"https:\/\/panelsystem.com.ve\/index.php?rest_route=\/wp\/v2\/pages\/643\/revisions"}],"predecessor-version":[{"id":1445,"href":"https:\/\/panelsystem.com.ve\/index.php?rest_route=\/wp\/v2\/pages\/643\/revisions\/1445"}],"wp:attachment":[{"href":"https:\/\/panelsystem.com.ve\/index.php?rest_route=%2Fwp%2Fv2%2Fmedia&parent=643"}],"curies":[{"name":"wp","href":"https:\/\/api.w.org\/{rel}","templated":true}]}}