{"id":372,"date":"2025-11-26T15:21:35","date_gmt":"2025-11-26T15:21:35","guid":{"rendered":"https:\/\/panelsystem.com.ve\/?page_id=372"},"modified":"2026-02-02T14:53:30","modified_gmt":"2026-02-02T14:53:30","slug":"nosotros-2","status":"publish","type":"page","link":"https:\/\/panelsystem.com.ve\/?page_id=372","title":{"rendered":"Nosotros"},"content":{"rendered":"\t\t<div data-elementor-type=\"wp-page\" data-elementor-id=\"372\" class=\"elementor elementor-372\">\n\t\t\t\t<div class=\"elementor-element elementor-element-ed3ff23 e-con-full e-flex e-con e-parent\" data-id=\"ed3ff23\" data-element_type=\"container\">\n\t\t<div class=\"elementor-element elementor-element-54786e3 e-con-full e-flex e-con e-child\" data-id=\"54786e3\" data-element_type=\"container\" data-settings=\"{&quot;background_background&quot;:&quot;classic&quot;,&quot;shape_divider_bottom&quot;:&quot;pyramids&quot;,&quot;shape_divider_bottom_negative&quot;:&quot;yes&quot;}\">\n\t\t\t\t<div class=\"elementor-shape elementor-shape-bottom\" aria-hidden=\"true\" data-negative=\"true\">\n\t\t\t<svg xmlns=\"http:\/\/www.w3.org\/2000\/svg\" viewBox=\"0 0 1000 100\" preserveAspectRatio=\"none\">\n\t<path class=\"elementor-shape-fill\" d=\"M761.9,40.6L643.1,24L333.9,93.8L0.1,1H0v99h1000V1\"\/>\n<\/svg>\t\t<\/div>\n\t\t\t\t<div class=\"elementor-element elementor-element-65edbb2 elementor-widget elementor-widget-heading\" data-id=\"65edbb2\" data-element_type=\"widget\" data-widget_type=\"heading.default\">\n\t\t\t\t\t<h2 class=\"elementor-heading-title elementor-size-default\">Somos Panel System<\/h2>\t\t\t\t<\/div>\n\t\t\t\t<\/div>\n\t\t\t\t<\/div>\n\t\t<div class=\"elementor-element elementor-element-304af03 e-con-full e-flex e-con e-parent\" data-id=\"304af03\" data-element_type=\"container\">\n\t\t\t\t<div class=\"elementor-element elementor-element-6fa936e elementor-widget elementor-widget-heading\" data-id=\"6fa936e\" data-element_type=\"widget\" data-widget_type=\"heading.default\">\n\t\t\t\t\t<h5 class=\"elementor-heading-title elementor-size-default\">\n\n<\/h5>\t\t\t\t<\/div>\n\t\t\t\t<div class=\"elementor-element elementor-element-dacd70a elementor-widget elementor-widget-text-editor\" data-id=\"dacd70a\" data-element_type=\"widget\" data-widget_type=\"text-editor.default\">\n\t\t\t\t\t\t\t\t\t<p style=\"text-align: center;\"><span style=\"color: #333333;\">Somos una empresa fabricante de empaques de cart\u00f3n corrugado, con <strong><span style=\"color: #800000;\">m\u00e1s de 35 a\u00f1os de experiencia<\/span><\/strong> atendiendo el mercado nacional. Ofrecemos soluciones y productos de embalaje adaptados a las necesidades y requerimientos del cliente. <\/span><br \/><span style=\"color: #333333;\">Nuestro objetivo es cubrir sus expectativas de calidad y realizar entregas en cualquier punto del pa\u00eds.<\/span><br \/><span style=\"color: #333333;\">Nuestras instalaciones se ubican sobre una<span style=\"color: #800000;\"><strong> superficie que supera los 13.000 mts2<\/strong> <\/span>para la fabricaci\u00f3n y almacenaje de productos terminados.<\/span><br \/><span style=\"color: #333333;\">Contamos con una fuerza de ventas altamente calificada y siempre dispuesta a escuchar sus requerimientos y asesorarle en cuanto al dise\u00f1o y fortaleza de su empaque y del cart\u00f3n corrugado.<\/span><\/p>\t\t\t\t\t\t\t\t<\/div>\n\t\t\t\t<\/div>\n\t\t<div class=\"elementor-element elementor-element-6d4f314 e-flex e-con-boxed e-con e-parent\" data-id=\"6d4f314\" data-element_type=\"container\" data-settings=\"{&quot;background_background&quot;:&quot;classic&quot;,&quot;shape_divider_top&quot;:&quot;pyramids&quot;}\">\n\t\t\t\t\t<div class=\"e-con-inner\">\n\t\t\t\t<div class=\"elementor-shape elementor-shape-top\" aria-hidden=\"true\" data-negative=\"false\">\n\t\t\t<svg xmlns=\"http:\/\/www.w3.org\/2000\/svg\" viewBox=\"0 0 1000 100\" preserveAspectRatio=\"none\">\n\t<path class=\"elementor-shape-fill\" d=\"M761.9,44.1L643.1,27.2L333.8,98L0,3.8V0l1000,0v3.9\"\/>\n<\/svg>\t\t<\/div>\n\t\t\t\t\t<\/div>\n\t\t\t\t<\/div>\n\t\t\t\t<\/div>\n\t\t","protected":false},"excerpt":{"rendered":"<p>Somos Panel System Somos una empresa fabricante de empaques de cart\u00f3n corrugado, con m\u00e1s de 35 a\u00f1os de experiencia atendiendo [&hellip;]<\/p>\n","protected":false},"author":1,"featured_media":0,"parent":0,"menu_order":0,"comment_status":"closed","ping_status":"closed","template":"","meta":{"site-sidebar-layout":"no-sidebar","site-content-layout":"","ast-site-content-layout":"full-width-container","site-content-style":"default","site-sidebar-style":"default","ast-global-header-display":"","ast-banner-title-visibility":"","ast-main-header-display":"","ast-hfb-above-header-display":"","ast-hfb-below-header-display":"","ast-hfb-mobile-header-display":"","site-post-title":"disabled","ast-breadcrumbs-content":"","ast-featured-img":"disabled","footer-sml-layout":"","theme-transparent-header-meta":"","adv-header-id-meta":"","stick-header-meta":"","header-above-stick-meta":"","header-main-stick-meta":"","header-below-stick-meta":"","astra-migrate-meta-layouts":"default","ast-page-background-enabled":"default","ast-page-background-meta":{"desktop":{"background-color":"var(--ast-global-color-5)","background-image":"","background-repeat":"repeat","background-position":"center center","background-size":"auto","background-attachment":"scroll","background-type":"","background-media":"","overlay-type":"","overlay-color":"","overlay-opacity":"","overlay-gradient":""},"tablet":{"background-color":"","background-image":"","background-repeat":"repeat","background-position":"center center","background-size":"auto","background-attachment":"scroll","background-type":"","background-media":"","overlay-type":"","overlay-color":"","overlay-opacity":"","overlay-gradient":""},"mobile":{"background-color":"","background-image":"","background-repeat":"repeat","background-position":"center center","background-size":"auto","background-attachment":"scroll","background-type":"","background-media":"","overlay-type":"","overlay-color":"","overlay-opacity":"","overlay-gradient":""}},"ast-content-background-meta":{"desktop":{"background-color":"var(--ast-global-color-4)","background-image":"","background-repeat":"repeat","background-position":"center center","background-size":"auto","background-attachment":"scroll","background-type":"","background-media":"","overlay-type":"","overlay-color":"","overlay-opacity":"","overlay-gradient":""},"tablet":{"background-color":"var(--ast-global-color-4)","background-image":"","background-repeat":"repeat","background-position":"center center","background-size":"auto","background-attachment":"scroll","background-type":"","background-media":"","overlay-type":"","overlay-color":"","overlay-opacity":"","overlay-gradient":""},"mobile":{"background-color":"var(--ast-global-color-4)","background-image":"","background-repeat":"repeat","background-position":"center center","background-size":"auto","background-attachment":"scroll","background-type":"","background-media":"","overlay-type":"","overlay-color":"","overlay-opacity":"","overlay-gradient":""}},"footnotes":""},"class_list":["post-372","page","type-page","status-publish","hentry"],"yoast_head":"<!-- This site is optimized with the Yoast SEO plugin v26.4 - https:\/\/yoast.com\/wordpress\/plugins\/seo\/ -->\n<title>Nosotros - panelsystem<\/title>\n<meta name=\"robots\" content=\"index, follow, max-snippet:-1, max-image-preview:large, max-video-preview:-1\" \/>\n<link rel=\"canonical\" href=\"https:\/\/panelsystem.com.ve\/?page_id=372\" \/>\n<meta property=\"og:locale\" content=\"en_US\" \/>\n<meta property=\"og:type\" content=\"article\" \/>\n<meta property=\"og:title\" content=\"Nosotros - panelsystem\" \/>\n<meta property=\"og:description\" content=\"Somos Panel System Somos una empresa fabricante de empaques de cart\u00f3n corrugado, con m\u00e1s de 35 a\u00f1os de experiencia atendiendo [&hellip;]\" \/>\n<meta property=\"og:url\" content=\"https:\/\/panelsystem.com.ve\/?page_id=372\" \/>\n<meta property=\"og:site_name\" content=\"panelsystem\" \/>\n<meta property=\"article:modified_time\" content=\"2026-02-02T14:53:30+00:00\" \/>\n<meta name=\"twitter:card\" content=\"summary_large_image\" \/>\n<meta name=\"twitter:label1\" content=\"Est. reading time\" \/>\n\t<meta name=\"twitter:data1\" content=\"1 minute\" \/>\n<script type=\"application\/ld+json\" class=\"yoast-schema-graph\">{\"@context\":\"https:\/\/schema.org\",\"@graph\":[{\"@type\":\"WebPage\",\"@id\":\"https:\/\/panelsystem.com.ve\/?page_id=372\",\"url\":\"https:\/\/panelsystem.com.ve\/?page_id=372\",\"name\":\"Nosotros - panelsystem\",\"isPartOf\":{\"@id\":\"https:\/\/panelsystem.com.ve\/#website\"},\"datePublished\":\"2025-11-26T15:21:35+00:00\",\"dateModified\":\"2026-02-02T14:53:30+00:00\",\"breadcrumb\":{\"@id\":\"https:\/\/panelsystem.com.ve\/?page_id=372#breadcrumb\"},\"inLanguage\":\"en-US\",\"potentialAction\":[{\"@type\":\"ReadAction\",\"target\":[\"https:\/\/panelsystem.com.ve\/?page_id=372\"]}]},{\"@type\":\"BreadcrumbList\",\"@id\":\"https:\/\/panelsystem.com.ve\/?page_id=372#breadcrumb\",\"itemListElement\":[{\"@type\":\"ListItem\",\"position\":1,\"name\":\"Home\",\"item\":\"https:\/\/panelsystem.com.ve\/\"},{\"@type\":\"ListItem\",\"position\":2,\"name\":\"Nosotros\"}]},{\"@type\":\"WebSite\",\"@id\":\"https:\/\/panelsystem.com.ve\/#website\",\"url\":\"https:\/\/panelsystem.com.ve\/\",\"name\":\"panelsystem\",\"description\":\"\",\"publisher\":{\"@id\":\"https:\/\/panelsystem.com.ve\/#organization\"},\"potentialAction\":[{\"@type\":\"SearchAction\",\"target\":{\"@type\":\"EntryPoint\",\"urlTemplate\":\"https:\/\/panelsystem.com.ve\/?s={search_term_string}\"},\"query-input\":{\"@type\":\"PropertyValueSpecification\",\"valueRequired\":true,\"valueName\":\"search_term_string\"}}],\"inLanguage\":\"en-US\"},{\"@type\":\"Organization\",\"@id\":\"https:\/\/panelsystem.com.ve\/#organization\",\"name\":\"panelsystem\",\"url\":\"https:\/\/panelsystem.com.ve\/\",\"logo\":{\"@type\":\"ImageObject\",\"inLanguage\":\"en-US\",\"@id\":\"https:\/\/panelsystem.com.ve\/#\/schema\/logo\/image\/\",\"url\":\"https:\/\/panelsystem.com.ve\/wp-content\/uploads\/2025\/11\/cropped-logo111.webp\",\"contentUrl\":\"https:\/\/panelsystem.com.ve\/wp-content\/uploads\/2025\/11\/cropped-logo111.webp\",\"width\":223,\"height\":211,\"caption\":\"panelsystem\"},\"image\":{\"@id\":\"https:\/\/panelsystem.com.ve\/#\/schema\/logo\/image\/\"}}]}<\/script>\n<!-- \/ Yoast SEO plugin. -->","yoast_head_json":{"title":"Nosotros - panelsystem","robots":{"index":"index","follow":"follow","max-snippet":"max-snippet:-1","max-image-preview":"max-image-preview:large","max-video-preview":"max-video-preview:-1"},"canonical":"https:\/\/panelsystem.com.ve\/?page_id=372","og_locale":"en_US","og_type":"article","og_title":"Nosotros - panelsystem","og_description":"Somos Panel System Somos una empresa fabricante de empaques de cart\u00f3n corrugado, con m\u00e1s de 35 a\u00f1os de experiencia atendiendo [&hellip;]","og_url":"https:\/\/panelsystem.com.ve\/?page_id=372","og_site_name":"panelsystem","article_modified_time":"2026-02-02T14:53:30+00:00","twitter_card":"summary_large_image","twitter_misc":{"Est. reading time":"1 minute"},"schema":{"@context":"https:\/\/schema.org","@graph":[{"@type":"WebPage","@id":"https:\/\/panelsystem.com.ve\/?page_id=372","url":"https:\/\/panelsystem.com.ve\/?page_id=372","name":"Nosotros - panelsystem","isPartOf":{"@id":"https:\/\/panelsystem.com.ve\/#website"},"datePublished":"2025-11-26T15:21:35+00:00","dateModified":"2026-02-02T14:53:30+00:00","breadcrumb":{"@id":"https:\/\/panelsystem.com.ve\/?page_id=372#breadcrumb"},"inLanguage":"en-US","potentialAction":[{"@type":"ReadAction","target":["https:\/\/panelsystem.com.ve\/?page_id=372"]}]},{"@type":"BreadcrumbList","@id":"https:\/\/panelsystem.com.ve\/?page_id=372#breadcrumb","itemListElement":[{"@type":"ListItem","position":1,"name":"Home","item":"https:\/\/panelsystem.com.ve\/"},{"@type":"ListItem","position":2,"name":"Nosotros"}]},{"@type":"WebSite","@id":"https:\/\/panelsystem.com.ve\/#website","url":"https:\/\/panelsystem.com.ve\/","name":"panelsystem","description":"","publisher":{"@id":"https:\/\/panelsystem.com.ve\/#organization"},"potentialAction":[{"@type":"SearchAction","target":{"@type":"EntryPoint","urlTemplate":"https:\/\/panelsystem.com.ve\/?s={search_term_string}"},"query-input":{"@type":"PropertyValueSpecification","valueRequired":true,"valueName":"search_term_string"}}],"inLanguage":"en-US"},{"@type":"Organization","@id":"https:\/\/panelsystem.com.ve\/#organization","name":"panelsystem","url":"https:\/\/panelsystem.com.ve\/","logo":{"@type":"ImageObject","inLanguage":"en-US","@id":"https:\/\/panelsystem.com.ve\/#\/schema\/logo\/image\/","url":"https:\/\/panelsystem.com.ve\/wp-content\/uploads\/2025\/11\/cropped-logo111.webp","contentUrl":"https:\/\/panelsystem.com.ve\/wp-content\/uploads\/2025\/11\/cropped-logo111.webp","width":223,"height":211,"caption":"panelsystem"},"image":{"@id":"https:\/\/panelsystem.com.ve\/#\/schema\/logo\/image\/"}}]}},"_links":{"self":[{"href":"https:\/\/panelsystem.com.ve\/index.php?rest_route=\/wp\/v2\/pages\/372","targetHints":{"allow":["GET"]}}],"collection":[{"href":"https:\/\/panelsystem.com.ve\/index.php?rest_route=\/wp\/v2\/pages"}],"about":[{"href":"https:\/\/panelsystem.com.ve\/index.php?rest_route=\/wp\/v2\/types\/page"}],"author":[{"embeddable":true,"href":"https:\/\/panelsystem.com.ve\/index.php?rest_route=\/wp\/v2\/users\/1"}],"replies":[{"embeddable":true,"href":"https:\/\/panelsystem.com.ve\/index.php?rest_route=%2Fwp%2Fv2%2Fcomments&post=372"}],"version-history":[{"count":122,"href":"https:\/\/panelsystem.com.ve\/index.php?rest_route=\/wp\/v2\/pages\/372\/revisions"}],"predecessor-version":[{"id":1370,"href":"https:\/\/panelsystem.com.ve\/index.php?rest_route=\/wp\/v2\/pages\/372\/revisions\/1370"}],"wp:attachment":[{"href":"https:\/\/panelsystem.com.ve\/index.php?rest_route=%2Fwp%2Fv2%2Fmedia&parent=372"}],"curies":[{"name":"wp","href":"https:\/\/api.w.org\/{rel}","templated":true}]}}