{"id":2,"date":"2025-11-23T17:28:59","date_gmt":"2025-11-23T17:28:59","guid":{"rendered":"https:\/\/www.panelsystem.com.ve\/?page_id=2"},"modified":"2026-02-06T19:06:42","modified_gmt":"2026-02-06T19:06:42","slug":"sample-page","status":"publish","type":"page","link":"https:\/\/panelsystem.com.ve\/?page_id=2","title":{"rendered":"Productos"},"content":{"rendered":"\t\t<div data-elementor-type=\"wp-page\" data-elementor-id=\"2\" class=\"elementor elementor-2\">\n\t\t\t\t<div class=\"elementor-element elementor-element-29f98a06 e-flex e-con-boxed e-con e-parent\" data-id=\"29f98a06\" data-element_type=\"container\">\n\t\t\t\t\t<div class=\"e-con-inner\">\n\t\t\t\t<div class=\"elementor-element elementor-element-05b9c95 elementor-widget__width-initial elementor-widget elementor-widget-heading\" data-id=\"05b9c95\" data-element_type=\"widget\" data-widget_type=\"heading.default\">\n\t\t\t\t\t<h2 class=\"elementor-heading-title elementor-size-default\">L\u00c1MINAS<\/h2>\t\t\t\t<\/div>\n\t\t\t\t<div class=\"elementor-element elementor-element-7dac929c elementor-invisible elementor-widget elementor-widget-text-editor\" data-id=\"7dac929c\" data-element_type=\"widget\" data-settings=\"{&quot;_animation&quot;:&quot;slideInLeft&quot;}\" data-widget_type=\"text-editor.default\">\n\t\t\t\t\t\t\t\t\t<p><span style=\"color: #ffffff;\"><strong>DE CART\u00d3N CORRUGADO<\/strong><\/span><\/p>\t\t\t\t\t\t\t\t<\/div>\n\t\t<div class=\"elementor-element elementor-element-b4186fa e-grid e-con-full e-con e-child\" data-id=\"b4186fa\" data-element_type=\"container\" data-settings=\"{&quot;background_background&quot;:&quot;classic&quot;}\">\n\t\t\t\t<div class=\"elementor-element elementor-element-3ddf653 elementor-widget elementor-widget-text-editor\" data-id=\"3ddf653\" data-element_type=\"widget\" data-widget_type=\"text-editor.default\">\n\t\t\t\t\t\t\t\t\t<p><img decoding=\"async\" class=\"aligncenter wp-image-1439\" src=\"https:\/\/panelsystem.com.ve\/wp-content\/uploads\/2026\/02\/logo111b-1-150x150.png\" alt=\"\" width=\"120\" height=\"107\" \/><\/p>\t\t\t\t\t\t\t\t<\/div>\n\t\t\t\t<div class=\"elementor-element elementor-element-8561251 elementor-widget__width-initial elementor-widget elementor-widget-image\" data-id=\"8561251\" data-element_type=\"widget\" data-widget_type=\"image.default\">\n\t\t\t\t\t\t\t\t\t\t\t\t\t\t\t<img fetchpriority=\"high\" decoding=\"async\" width=\"1000\" height=\"667\" src=\"https:\/\/panelsystem.com.ve\/wp-content\/uploads\/2025\/12\/ProductosparaInd_conversion-Foto-2.webp\" class=\"attachment-full size-full wp-image-674\" alt=\"\" srcset=\"https:\/\/panelsystem.com.ve\/wp-content\/uploads\/2025\/12\/ProductosparaInd_conversion-Foto-2.webp 1000w, https:\/\/panelsystem.com.ve\/wp-content\/uploads\/2025\/12\/ProductosparaInd_conversion-Foto-2-300x200.webp 300w, https:\/\/panelsystem.com.ve\/wp-content\/uploads\/2025\/12\/ProductosparaInd_conversion-Foto-2-768x512.webp 768w\" sizes=\"(max-width: 1000px) 100vw, 1000px\" \/>\t\t\t\t\t\t\t\t\t\t\t\t\t\t\t<\/div>\n\t\t\t\t<div class=\"elementor-element elementor-element-c7c3902 elementor-invisible elementor-widget elementor-widget-text-editor\" data-id=\"c7c3902\" data-element_type=\"widget\" data-settings=\"{&quot;_animation&quot;:&quot;fadeIn&quot;}\" data-widget_type=\"text-editor.default\">\n\t\t\t\t\t\t\t\t\t<p style=\"text-align: center;\"><span style=\"color: #000000;\">Elemento esencial para la fabricaci\u00f3n de <strong>todo tipo de cajas<\/strong>, separadores, bandejas, exhibidores y esquineros de<strong> cart\u00f3n corrugado.<\/strong><\/span><\/p>\t\t\t\t\t\t\t\t<\/div>\n\t\t\t\t<\/div>\n\t\t\t\t\t<\/div>\n\t\t\t\t<\/div>\n\t\t<div class=\"elementor-element elementor-element-aaf0d81 e-flex e-con-boxed e-con e-parent\" data-id=\"aaf0d81\" data-element_type=\"container\">\n\t\t\t\t\t<div class=\"e-con-inner\">\n\t\t\t\t<div class=\"elementor-element elementor-element-2c692fa elementor-align-center elementor-widget elementor-widget-button\" data-id=\"2c692fa\" data-element_type=\"widget\" data-widget_type=\"button.default\">\n\t\t\t\t\t\t\t\t\t\t<a class=\"elementor-button elementor-button-link elementor-size-sm\" href=\"https:\/\/panelsystem.com.ve\/?page_id=643\" target=\"_blank\">\n\t\t\t\t\t\t<span class=\"elementor-button-content-wrapper\">\n\t\t\t\t\t\t\t\t\t<span class=\"elementor-button-text\">SABER M\u00c1S<\/span>\n\t\t\t\t\t<\/span>\n\t\t\t\t\t<\/a>\n\t\t\t\t\t\t\t\t<\/div>\n\t\t\t\t\t<\/div>\n\t\t\t\t<\/div>\n\t\t<div class=\"elementor-element elementor-element-c9ad296 e-flex e-con-boxed e-con e-parent\" data-id=\"c9ad296\" data-element_type=\"container\">\n\t\t\t\t\t<div class=\"e-con-inner\">\n\t\t\t\t<div class=\"elementor-element elementor-element-e79b905 elementor-widget elementor-widget-heading\" data-id=\"e79b905\" data-element_type=\"widget\" data-widget_type=\"heading.default\">\n\t\t\t\t\t<h2 class=\"elementor-heading-title elementor-size-default\">EMPAQUES<\/h2>\t\t\t\t<\/div>\n\t\t\t\t\t<\/div>\n\t\t\t\t<\/div>\n\t\t<div class=\"elementor-element elementor-element-689b587 e-con-full e-flex e-con e-parent\" data-id=\"689b587\" data-element_type=\"container\" data-settings=\"{&quot;background_background&quot;:&quot;classic&quot;}\">\n\t\t\t\t<div class=\"elementor-element elementor-element-d7ba3ef elementor-invisible elementor-widget elementor-widget-heading\" data-id=\"d7ba3ef\" data-element_type=\"widget\" data-settings=\"{&quot;_animation&quot;:&quot;slideInRight&quot;}\" data-widget_type=\"heading.default\">\n\t\t\t\t\t<h2 class=\"elementor-heading-title elementor-size-default\">DE CART\u00d3N CORRUGADO<\/h2>\t\t\t\t<\/div>\n\t\t<div class=\"elementor-element elementor-element-3625d19 e-con-full e-grid e-con e-child\" data-id=\"3625d19\" data-element_type=\"container\">\n\t\t<div class=\"elementor-element elementor-element-0079369 e-con-full e-flex e-con e-child\" data-id=\"0079369\" data-element_type=\"container\" data-settings=\"{&quot;background_background&quot;:&quot;classic&quot;}\">\n\t\t\t\t<div class=\"elementor-element elementor-element-3dd2f23 elementor-widget elementor-widget-text-editor\" data-id=\"3dd2f23\" data-element_type=\"widget\" data-widget_type=\"text-editor.default\">\n\t\t\t\t\t\t\t\t\t<p><span style=\"color: #ffffff;\"><strong>Fabricamos cajas y empaques de cart\u00f3n corrugado a medida para empaquetar y proteger sus productos. Todos nuestros empaques son 100% reciclables<\/strong><\/span><\/p>\t\t\t\t\t\t\t\t<\/div>\n\t\t\t\t<\/div>\n\t\t<div class=\"elementor-element elementor-element-1712153 e-con-full e-flex e-con e-child\" data-id=\"1712153\" data-element_type=\"container\">\n\t\t\t\t<div class=\"elementor-element elementor-element-d9cfde5 elementor-widget elementor-widget-image\" data-id=\"d9cfde5\" data-element_type=\"widget\" data-widget_type=\"image.default\">\n\t\t\t\t\t\t\t\t\t\t\t\t\t\t\t<img decoding=\"async\" width=\"1000\" height=\"789\" src=\"https:\/\/panelsystem.com.ve\/wp-content\/uploads\/2025\/12\/Y6.jpg\" class=\"attachment-full size-full wp-image-667\" alt=\"\" srcset=\"https:\/\/panelsystem.com.ve\/wp-content\/uploads\/2025\/12\/Y6.jpg 1000w, https:\/\/panelsystem.com.ve\/wp-content\/uploads\/2025\/12\/Y6-300x237.jpg 300w, https:\/\/panelsystem.com.ve\/wp-content\/uploads\/2025\/12\/Y6-768x606.jpg 768w\" sizes=\"(max-width: 1000px) 100vw, 1000px\" \/>\t\t\t\t\t\t\t\t\t\t\t\t\t\t\t<\/div>\n\t\t\t\t<\/div>\n\t\t\t\t<\/div>\n\t\t\t\t<\/div>\n\t\t<div class=\"elementor-element elementor-element-4af188d e-flex e-con-boxed e-con e-parent\" data-id=\"4af188d\" data-element_type=\"container\">\n\t\t\t\t\t<div class=\"e-con-inner\">\n\t\t\t\t<div class=\"elementor-element elementor-element-507ce89 elementor-align-center elementor-widget elementor-widget-button\" data-id=\"507ce89\" data-element_type=\"widget\" data-widget_type=\"button.default\">\n\t\t\t\t\t\t\t\t\t\t<a class=\"elementor-button elementor-button-link elementor-size-sm\" href=\"https:\/\/panelsystem.com.ve\/?page_id=1196\">\n\t\t\t\t\t\t<span class=\"elementor-button-content-wrapper\">\n\t\t\t\t\t\t\t\t\t<span class=\"elementor-button-text\">SABER M\u00c1S<\/span>\n\t\t\t\t\t<\/span>\n\t\t\t\t\t<\/a>\n\t\t\t\t\t\t\t\t<\/div>\n\t\t\t\t\t<\/div>\n\t\t\t\t<\/div>\n\t\t\t\t<\/div>\n\t\t","protected":false},"excerpt":{"rendered":"<p>L\u00c1MINAS DE CART\u00d3N CORRUGADO Elemento esencial para la fabricaci\u00f3n de todo tipo de cajas, separadores, bandejas, exhibidores y esquineros de [&hellip;]<\/p>\n","protected":false},"author":1,"featured_media":0,"parent":0,"menu_order":0,"comment_status":"closed","ping_status":"open","template":"elementor_header_footer","meta":{"site-sidebar-layout":"default","site-content-layout":"","ast-site-content-layout":"default","site-content-style":"default","site-sidebar-style":"default","ast-global-header-display":"","ast-banner-title-visibility":"","ast-main-header-display":"","ast-hfb-above-header-display":"","ast-hfb-below-header-display":"","ast-hfb-mobile-header-display":"","site-post-title":"disabled","ast-breadcrumbs-content":"","ast-featured-img":"","footer-sml-layout":"","theme-transparent-header-meta":"","adv-header-id-meta":"","stick-header-meta":"","header-above-stick-meta":"","header-main-stick-meta":"","header-below-stick-meta":"","astra-migrate-meta-layouts":"default","ast-page-background-enabled":"default","ast-page-background-meta":{"desktop":{"background-color":"var(--ast-global-color-5)","background-image":"","background-repeat":"repeat","background-position":"center center","background-size":"auto","background-attachment":"scroll","background-type":"","background-media":"","overlay-type":"","overlay-color":"","overlay-opacity":"","overlay-gradient":""},"tablet":{"background-color":"","background-image":"","background-repeat":"repeat","background-position":"center center","background-size":"auto","background-attachment":"scroll","background-type":"","background-media":"","overlay-type":"","overlay-color":"","overlay-opacity":"","overlay-gradient":""},"mobile":{"background-color":"","background-image":"","background-repeat":"repeat","background-position":"center center","background-size":"auto","background-attachment":"scroll","background-type":"","background-media":"","overlay-type":"","overlay-color":"","overlay-opacity":"","overlay-gradient":""}},"ast-content-background-meta":{"desktop":{"background-color":"var(--ast-global-color-4)","background-image":"","background-repeat":"repeat","background-position":"center center","background-size":"auto","background-attachment":"scroll","background-type":"","background-media":"","overlay-type":"","overlay-color":"","overlay-opacity":"","overlay-gradient":""},"tablet":{"background-color":"var(--ast-global-color-4)","background-image":"","background-repeat":"repeat","background-position":"center center","background-size":"auto","background-attachment":"scroll","background-type":"","background-media":"","overlay-type":"","overlay-color":"","overlay-opacity":"","overlay-gradient":""},"mobile":{"background-color":"var(--ast-global-color-4)","background-image":"","background-repeat":"repeat","background-position":"center center","background-size":"auto","background-attachment":"scroll","background-type":"","background-media":"","overlay-type":"","overlay-color":"","overlay-opacity":"","overlay-gradient":""}},"footnotes":""},"class_list":["post-2","page","type-page","status-publish","hentry"],"yoast_head":"<!-- This site is optimized with the Yoast SEO plugin v26.4 - https:\/\/yoast.com\/wordpress\/plugins\/seo\/ -->\n<title>Productos - panelsystem<\/title>\n<meta name=\"description\" content=\"Cart\u00f3n de gran calidad, durabilidad y variedad de dise\u00f1os que se adaptan a las necesidades de nuestros clientes.\" \/>\n<meta name=\"robots\" content=\"index, follow, max-snippet:-1, max-image-preview:large, max-video-preview:-1\" \/>\n<link rel=\"canonical\" href=\"https:\/\/panelsystem.com.ve\/?page_id=2\" \/>\n<meta property=\"og:locale\" content=\"en_US\" \/>\n<meta property=\"og:type\" content=\"article\" \/>\n<meta property=\"og:title\" content=\"Productos - panelsystem\" \/>\n<meta property=\"og:description\" content=\"Cart\u00f3n de gran calidad, durabilidad y variedad de dise\u00f1os que se adaptan a las necesidades de nuestros clientes.\" \/>\n<meta property=\"og:url\" content=\"https:\/\/panelsystem.com.ve\/?page_id=2\" \/>\n<meta property=\"og:site_name\" content=\"panelsystem\" \/>\n<meta property=\"article:modified_time\" content=\"2026-02-06T19:06:42+00:00\" \/>\n<meta property=\"og:image\" content=\"https:\/\/panelsystem.com.ve\/wp-content\/uploads\/2026\/02\/logo111b-1.png\" \/>\n\t<meta property=\"og:image:width\" content=\"240\" \/>\n\t<meta property=\"og:image:height\" content=\"213\" \/>\n\t<meta property=\"og:image:type\" content=\"image\/png\" \/>\n<meta name=\"twitter:card\" content=\"summary_large_image\" \/>\n<meta name=\"twitter:label1\" content=\"Est. reading time\" \/>\n\t<meta name=\"twitter:data1\" content=\"1 minute\" \/>\n<script type=\"application\/ld+json\" class=\"yoast-schema-graph\">{\"@context\":\"https:\/\/schema.org\",\"@graph\":[{\"@type\":\"WebPage\",\"@id\":\"https:\/\/panelsystem.com.ve\/?page_id=2\",\"url\":\"https:\/\/panelsystem.com.ve\/?page_id=2\",\"name\":\"Productos - panelsystem\",\"isPartOf\":{\"@id\":\"https:\/\/panelsystem.com.ve\/#website\"},\"primaryImageOfPage\":{\"@id\":\"https:\/\/panelsystem.com.ve\/?page_id=2#primaryimage\"},\"image\":{\"@id\":\"https:\/\/panelsystem.com.ve\/?page_id=2#primaryimage\"},\"thumbnailUrl\":\"https:\/\/panelsystem.com.ve\/wp-content\/uploads\/2026\/02\/logo111b-1-150x150.png\",\"datePublished\":\"2025-11-23T17:28:59+00:00\",\"dateModified\":\"2026-02-06T19:06:42+00:00\",\"description\":\"Cart\u00f3n de gran calidad, durabilidad y variedad de dise\u00f1os que se adaptan a las necesidades de nuestros clientes.\",\"breadcrumb\":{\"@id\":\"https:\/\/panelsystem.com.ve\/?page_id=2#breadcrumb\"},\"inLanguage\":\"en-US\",\"potentialAction\":[{\"@type\":\"ReadAction\",\"target\":[\"https:\/\/panelsystem.com.ve\/?page_id=2\"]}]},{\"@type\":\"ImageObject\",\"inLanguage\":\"en-US\",\"@id\":\"https:\/\/panelsystem.com.ve\/?page_id=2#primaryimage\",\"url\":\"https:\/\/panelsystem.com.ve\/wp-content\/uploads\/2026\/02\/logo111b-1.png\",\"contentUrl\":\"https:\/\/panelsystem.com.ve\/wp-content\/uploads\/2026\/02\/logo111b-1.png\",\"width\":240,\"height\":213},{\"@type\":\"BreadcrumbList\",\"@id\":\"https:\/\/panelsystem.com.ve\/?page_id=2#breadcrumb\",\"itemListElement\":[{\"@type\":\"ListItem\",\"position\":1,\"name\":\"Home\",\"item\":\"https:\/\/panelsystem.com.ve\/\"},{\"@type\":\"ListItem\",\"position\":2,\"name\":\"Productos\"}]},{\"@type\":\"WebSite\",\"@id\":\"https:\/\/panelsystem.com.ve\/#website\",\"url\":\"https:\/\/panelsystem.com.ve\/\",\"name\":\"panelsystem\",\"description\":\"\",\"publisher\":{\"@id\":\"https:\/\/panelsystem.com.ve\/#organization\"},\"potentialAction\":[{\"@type\":\"SearchAction\",\"target\":{\"@type\":\"EntryPoint\",\"urlTemplate\":\"https:\/\/panelsystem.com.ve\/?s={search_term_string}\"},\"query-input\":{\"@type\":\"PropertyValueSpecification\",\"valueRequired\":true,\"valueName\":\"search_term_string\"}}],\"inLanguage\":\"en-US\"},{\"@type\":\"Organization\",\"@id\":\"https:\/\/panelsystem.com.ve\/#organization\",\"name\":\"panelsystem\",\"url\":\"https:\/\/panelsystem.com.ve\/\",\"logo\":{\"@type\":\"ImageObject\",\"inLanguage\":\"en-US\",\"@id\":\"https:\/\/panelsystem.com.ve\/#\/schema\/logo\/image\/\",\"url\":\"https:\/\/panelsystem.com.ve\/wp-content\/uploads\/2025\/11\/cropped-logo111.webp\",\"contentUrl\":\"https:\/\/panelsystem.com.ve\/wp-content\/uploads\/2025\/11\/cropped-logo111.webp\",\"width\":223,\"height\":211,\"caption\":\"panelsystem\"},\"image\":{\"@id\":\"https:\/\/panelsystem.com.ve\/#\/schema\/logo\/image\/\"}}]}<\/script>\n<!-- \/ Yoast SEO plugin. -->","yoast_head_json":{"title":"Productos - panelsystem","description":"Cart\u00f3n de gran calidad, durabilidad y variedad de dise\u00f1os que se adaptan a las necesidades de nuestros clientes.","robots":{"index":"index","follow":"follow","max-snippet":"max-snippet:-1","max-image-preview":"max-image-preview:large","max-video-preview":"max-video-preview:-1"},"canonical":"https:\/\/panelsystem.com.ve\/?page_id=2","og_locale":"en_US","og_type":"article","og_title":"Productos - panelsystem","og_description":"Cart\u00f3n de gran calidad, durabilidad y variedad de dise\u00f1os que se adaptan a las necesidades de nuestros clientes.","og_url":"https:\/\/panelsystem.com.ve\/?page_id=2","og_site_name":"panelsystem","article_modified_time":"2026-02-06T19:06:42+00:00","og_image":[{"width":240,"height":213,"url":"https:\/\/panelsystem.com.ve\/wp-content\/uploads\/2026\/02\/logo111b-1.png","type":"image\/png"}],"twitter_card":"summary_large_image","twitter_misc":{"Est. reading time":"1 minute"},"schema":{"@context":"https:\/\/schema.org","@graph":[{"@type":"WebPage","@id":"https:\/\/panelsystem.com.ve\/?page_id=2","url":"https:\/\/panelsystem.com.ve\/?page_id=2","name":"Productos - panelsystem","isPartOf":{"@id":"https:\/\/panelsystem.com.ve\/#website"},"primaryImageOfPage":{"@id":"https:\/\/panelsystem.com.ve\/?page_id=2#primaryimage"},"image":{"@id":"https:\/\/panelsystem.com.ve\/?page_id=2#primaryimage"},"thumbnailUrl":"https:\/\/panelsystem.com.ve\/wp-content\/uploads\/2026\/02\/logo111b-1-150x150.png","datePublished":"2025-11-23T17:28:59+00:00","dateModified":"2026-02-06T19:06:42+00:00","description":"Cart\u00f3n de gran calidad, durabilidad y variedad de dise\u00f1os que se adaptan a las necesidades de nuestros clientes.","breadcrumb":{"@id":"https:\/\/panelsystem.com.ve\/?page_id=2#breadcrumb"},"inLanguage":"en-US","potentialAction":[{"@type":"ReadAction","target":["https:\/\/panelsystem.com.ve\/?page_id=2"]}]},{"@type":"ImageObject","inLanguage":"en-US","@id":"https:\/\/panelsystem.com.ve\/?page_id=2#primaryimage","url":"https:\/\/panelsystem.com.ve\/wp-content\/uploads\/2026\/02\/logo111b-1.png","contentUrl":"https:\/\/panelsystem.com.ve\/wp-content\/uploads\/2026\/02\/logo111b-1.png","width":240,"height":213},{"@type":"BreadcrumbList","@id":"https:\/\/panelsystem.com.ve\/?page_id=2#breadcrumb","itemListElement":[{"@type":"ListItem","position":1,"name":"Home","item":"https:\/\/panelsystem.com.ve\/"},{"@type":"ListItem","position":2,"name":"Productos"}]},{"@type":"WebSite","@id":"https:\/\/panelsystem.com.ve\/#website","url":"https:\/\/panelsystem.com.ve\/","name":"panelsystem","description":"","publisher":{"@id":"https:\/\/panelsystem.com.ve\/#organization"},"potentialAction":[{"@type":"SearchAction","target":{"@type":"EntryPoint","urlTemplate":"https:\/\/panelsystem.com.ve\/?s={search_term_string}"},"query-input":{"@type":"PropertyValueSpecification","valueRequired":true,"valueName":"search_term_string"}}],"inLanguage":"en-US"},{"@type":"Organization","@id":"https:\/\/panelsystem.com.ve\/#organization","name":"panelsystem","url":"https:\/\/panelsystem.com.ve\/","logo":{"@type":"ImageObject","inLanguage":"en-US","@id":"https:\/\/panelsystem.com.ve\/#\/schema\/logo\/image\/","url":"https:\/\/panelsystem.com.ve\/wp-content\/uploads\/2025\/11\/cropped-logo111.webp","contentUrl":"https:\/\/panelsystem.com.ve\/wp-content\/uploads\/2025\/11\/cropped-logo111.webp","width":223,"height":211,"caption":"panelsystem"},"image":{"@id":"https:\/\/panelsystem.com.ve\/#\/schema\/logo\/image\/"}}]}},"_links":{"self":[{"href":"https:\/\/panelsystem.com.ve\/index.php?rest_route=\/wp\/v2\/pages\/2","targetHints":{"allow":["GET"]}}],"collection":[{"href":"https:\/\/panelsystem.com.ve\/index.php?rest_route=\/wp\/v2\/pages"}],"about":[{"href":"https:\/\/panelsystem.com.ve\/index.php?rest_route=\/wp\/v2\/types\/page"}],"author":[{"embeddable":true,"href":"https:\/\/panelsystem.com.ve\/index.php?rest_route=\/wp\/v2\/users\/1"}],"replies":[{"embeddable":true,"href":"https:\/\/panelsystem.com.ve\/index.php?rest_route=%2Fwp%2Fv2%2Fcomments&post=2"}],"version-history":[{"count":228,"href":"https:\/\/panelsystem.com.ve\/index.php?rest_route=\/wp\/v2\/pages\/2\/revisions"}],"predecessor-version":[{"id":1459,"href":"https:\/\/panelsystem.com.ve\/index.php?rest_route=\/wp\/v2\/pages\/2\/revisions\/1459"}],"wp:attachment":[{"href":"https:\/\/panelsystem.com.ve\/index.php?rest_route=%2Fwp%2Fv2%2Fmedia&parent=2"}],"curies":[{"name":"wp","href":"https:\/\/api.w.org\/{rel}","templated":true}]}}