{"id":1196,"date":"2026-02-02T02:15:27","date_gmt":"2026-02-02T02:15:27","guid":{"rendered":"https:\/\/panelsystem.com.ve\/?page_id=1196"},"modified":"2026-02-06T13:52:18","modified_gmt":"2026-02-06T13:52:18","slug":"empaques","status":"publish","type":"page","link":"https:\/\/panelsystem.com.ve\/?page_id=1196","title":{"rendered":"Empaques"},"content":{"rendered":"\t\t<div data-elementor-type=\"wp-page\" data-elementor-id=\"1196\" class=\"elementor elementor-1196\">\n\t\t\t\t<div class=\"elementor-element elementor-element-c733643 e-flex e-con-boxed e-con e-parent\" data-id=\"c733643\" data-element_type=\"container\" data-settings=\"{&quot;background_background&quot;:&quot;classic&quot;,&quot;shape_divider_bottom&quot;:&quot;mountains&quot;}\">\n\t\t\t\t\t<div class=\"e-con-inner\">\n\t\t\t\t<div class=\"elementor-shape elementor-shape-bottom\" aria-hidden=\"true\" data-negative=\"false\">\n\t\t\t<svg xmlns=\"http:\/\/www.w3.org\/2000\/svg\" viewBox=\"0 0 1000 100\" preserveAspectRatio=\"none\">\n\t<path class=\"elementor-shape-fill\" opacity=\"0.33\" d=\"M473,67.3c-203.9,88.3-263.1-34-320.3,0C66,119.1,0,59.7,0,59.7V0h1000v59.7 c0,0-62.1,26.1-94.9,29.3c-32.8,3.3-62.8-12.3-75.8-22.1C806,49.6,745.3,8.7,694.9,4.7S492.4,59,473,67.3z\"\/>\n\t<path class=\"elementor-shape-fill\" opacity=\"0.66\" d=\"M734,67.3c-45.5,0-77.2-23.2-129.1-39.1c-28.6-8.7-150.3-10.1-254,39.1 s-91.7-34.4-149.2,0C115.7,118.3,0,39.8,0,39.8V0h1000v36.5c0,0-28.2-18.5-92.1-18.5C810.2,18.1,775.7,67.3,734,67.3z\"\/>\n\t<path class=\"elementor-shape-fill\" d=\"M766.1,28.9c-200-57.5-266,65.5-395.1,19.5C242,1.8,242,5.4,184.8,20.6C128,35.8,132.3,44.9,89.9,52.5C28.6,63.7,0,0,0,0 h1000c0,0-9.9,40.9-83.6,48.1S829.6,47,766.1,28.9z\"\/>\n<\/svg>\t\t<\/div>\n\t\t\t\t\t<\/div>\n\t\t\t\t<\/div>\n\t\t<div class=\"elementor-element elementor-element-388168e e-flex e-con-boxed e-con e-parent\" data-id=\"388168e\" data-element_type=\"container\">\n\t\t\t\t\t<div class=\"e-con-inner\">\n\t\t\t\t<div class=\"elementor-element elementor-element-8465a40 elementor-widget elementor-widget-heading\" data-id=\"8465a40\" data-element_type=\"widget\" data-widget_type=\"heading.default\">\n\t\t\t\t\t<h2 class=\"elementor-heading-title elementor-size-default\">CAJAS Y EMPAQUES<\/h2>\t\t\t\t<\/div>\n\t\t\t\t\t<\/div>\n\t\t\t\t<\/div>\n\t\t<div class=\"elementor-element elementor-element-25e4318 e-flex e-con-boxed e-con e-parent\" data-id=\"25e4318\" data-element_type=\"container\" data-settings=\"{&quot;background_background&quot;:&quot;classic&quot;}\">\n\t\t\t\t\t<div class=\"e-con-inner\">\n\t\t\t\t<div class=\"elementor-element elementor-element-bdcf9e5 elementor-widget elementor-widget-heading\" data-id=\"bdcf9e5\" data-element_type=\"widget\" data-widget_type=\"heading.default\">\n\t\t\t\t\t<h3 class=\"elementor-heading-title elementor-size-default\">REGULAR RANURADAS CRR\n<\/h3>\t\t\t\t<\/div>\n\t\t<div class=\"elementor-element elementor-element-90cb73c e-grid e-con-full e-con e-child\" data-id=\"90cb73c\" data-element_type=\"container\">\n\t\t\t\t<div class=\"elementor-element elementor-element-2a986fc elementor-widget elementor-widget-text-editor\" data-id=\"2a986fc\" data-element_type=\"widget\" data-widget_type=\"text-editor.default\">\n\t\t\t\t\t\t\t\t\t<p><strong>Cajas m\u00e1s comunes y econ\u00f3micas debido a que se aprovecha todo el pliego de cart\u00f3n.<\/strong><\/p><p><strong>Dos tapas cierran completamente al centro brindando mayor seguridad y acojinamiento al producto.<\/strong><\/p><p><strong>Uso com\u00fan: para productos delicados o muy pesados que pudiesen provocar desfonde.<\/strong><\/p>\t\t\t\t\t\t\t\t<\/div>\n\t\t\t\t<div class=\"elementor-element elementor-element-67bd056 e-transform elementor-widget elementor-widget-image\" data-id=\"67bd056\" data-element_type=\"widget\" data-settings=\"{&quot;_transform_scale_effect_hover&quot;:{&quot;unit&quot;:&quot;px&quot;,&quot;size&quot;:1.3,&quot;sizes&quot;:[]},&quot;_transform_scale_effect_hover_tablet&quot;:{&quot;unit&quot;:&quot;px&quot;,&quot;size&quot;:&quot;&quot;,&quot;sizes&quot;:[]},&quot;_transform_scale_effect_hover_mobile&quot;:{&quot;unit&quot;:&quot;px&quot;,&quot;size&quot;:&quot;&quot;,&quot;sizes&quot;:[]}}\" data-widget_type=\"image.default\">\n\t\t\t\t\t\t\t\t\t\t\t\t\t\t\t<img fetchpriority=\"high\" decoding=\"async\" width=\"285\" height=\"300\" src=\"https:\/\/panelsystem.com.ve\/wp-content\/uploads\/2026\/02\/c2-285x300.png\" class=\"attachment-medium size-medium wp-image-1235\" alt=\"\" srcset=\"https:\/\/panelsystem.com.ve\/wp-content\/uploads\/2026\/02\/c2-285x300.png 285w, https:\/\/panelsystem.com.ve\/wp-content\/uploads\/2026\/02\/c2.png 569w\" sizes=\"(max-width: 285px) 100vw, 285px\" \/>\t\t\t\t\t\t\t\t\t\t\t\t\t\t\t<\/div>\n\t\t\t\t<\/div>\n\t\t\t\t\t<\/div>\n\t\t\t\t<\/div>\n\t\t<div class=\"elementor-element elementor-element-dd096ed e-flex e-con-boxed e-con e-parent\" data-id=\"dd096ed\" data-element_type=\"container\">\n\t\t\t\t\t<div class=\"e-con-inner\">\n\t\t\t\t<div class=\"elementor-element elementor-element-de94bd8 elementor-widget elementor-widget-heading\" data-id=\"de94bd8\" data-element_type=\"widget\" data-widget_type=\"heading.default\">\n\t\t\t\t\t<h3 class=\"elementor-heading-title elementor-size-default\">CAJAS DE ARCHIVO\n\n<\/h3>\t\t\t\t<\/div>\n\t\t<div class=\"elementor-element elementor-element-95a3ed7 e-grid e-con-full e-con e-child\" data-id=\"95a3ed7\" data-element_type=\"container\">\n\t\t\t\t<div class=\"elementor-element elementor-element-14c9e92 e-transform elementor-widget elementor-widget-image\" data-id=\"14c9e92\" data-element_type=\"widget\" data-settings=\"{&quot;_transform_scale_effect_hover&quot;:{&quot;unit&quot;:&quot;px&quot;,&quot;size&quot;:1.2,&quot;sizes&quot;:[]},&quot;_transform_scale_effect_hover_tablet&quot;:{&quot;unit&quot;:&quot;px&quot;,&quot;size&quot;:&quot;&quot;,&quot;sizes&quot;:[]},&quot;_transform_scale_effect_hover_mobile&quot;:{&quot;unit&quot;:&quot;px&quot;,&quot;size&quot;:&quot;&quot;,&quot;sizes&quot;:[]}}\" data-widget_type=\"image.default\">\n\t\t\t\t\t\t\t\t\t\t\t\t\t\t\t<img decoding=\"async\" width=\"245\" height=\"300\" src=\"https:\/\/panelsystem.com.ve\/wp-content\/uploads\/2026\/02\/c3-245x300.png\" class=\"attachment-medium size-medium wp-image-1240\" alt=\"\" srcset=\"https:\/\/panelsystem.com.ve\/wp-content\/uploads\/2026\/02\/c3-245x300.png 245w, https:\/\/panelsystem.com.ve\/wp-content\/uploads\/2026\/02\/c3.png 503w\" sizes=\"(max-width: 245px) 100vw, 245px\" \/>\t\t\t\t\t\t\t\t\t\t\t\t\t\t\t<\/div>\n\t\t\t\t<div class=\"elementor-element elementor-element-f19764c elementor-widget elementor-widget-text-editor\" data-id=\"f19764c\" data-element_type=\"widget\" data-widget_type=\"text-editor.default\">\n\t\t\t\t\t\t\t\t\t<p><strong>\u00a0Dise\u00f1adas para el embalaje, transporte y almacenamiento de documentos, registros y archivos de oficina.<\/strong><\/p><p><strong>Ofrecemos cajas de archivo en tama\u00f1os y estilos est\u00e1ndar como la caja &#8220;f\u00e1cil de montar\u201c o con tapa.<\/strong><\/p><p><strong>Esta caja tiene una base de doble capa sujeta por las solapas que proporcionan resistencia adicional a cada extremo de la caja.<\/strong><\/p>\t\t\t\t\t\t\t\t<\/div>\n\t\t\t\t<\/div>\n\t\t\t\t\t<\/div>\n\t\t\t\t<\/div>\n\t\t<div class=\"elementor-element elementor-element-02ef61a e-flex e-con-boxed e-con e-parent\" data-id=\"02ef61a\" data-element_type=\"container\">\n\t\t\t\t\t<div class=\"e-con-inner\">\n\t\t\t\t<div class=\"elementor-element elementor-element-cd69996 elementor-widget elementor-widget-heading\" data-id=\"cd69996\" data-element_type=\"widget\" data-widget_type=\"heading.default\">\n\t\t\t\t\t<h3 class=\"elementor-heading-title elementor-size-default\">CAJAS TROQUELADAS\n\n\n<\/h3>\t\t\t\t<\/div>\n\t\t<div class=\"elementor-element elementor-element-8f5ade5 e-grid e-con-full e-con e-child\" data-id=\"8f5ade5\" data-element_type=\"container\">\n\t\t\t\t<div class=\"elementor-element elementor-element-40d305c elementor-widget elementor-widget-text-editor\" data-id=\"40d305c\" data-element_type=\"widget\" data-widget_type=\"text-editor.default\">\n\t\t\t\t\t\t\t\t\t<p><strong>Cajas con dise\u00f1os especiales, auto armables y con cierres autom\u00e1ticos.<\/strong><\/p><p><strong>Fabricamos desde cajas para pizzas hasta dise\u00f1os m\u00e1s elaborados de acuerdo a los requerimientos del cliente<\/strong><\/p>\t\t\t\t\t\t\t\t<\/div>\n\t\t\t\t<div class=\"elementor-element elementor-element-273dc89 elementor-widget elementor-widget-image\" data-id=\"273dc89\" data-element_type=\"widget\" data-widget_type=\"image.default\">\n\t\t\t\t\t\t\t\t\t\t\t\t\t\t\t<img decoding=\"async\" width=\"300\" height=\"240\" src=\"https:\/\/panelsystem.com.ve\/wp-content\/uploads\/2026\/02\/c4-300x240.png\" class=\"attachment-medium size-medium wp-image-1244\" alt=\"\" srcset=\"https:\/\/panelsystem.com.ve\/wp-content\/uploads\/2026\/02\/c4-300x240.png 300w, https:\/\/panelsystem.com.ve\/wp-content\/uploads\/2026\/02\/c4.png 610w\" sizes=\"(max-width: 300px) 100vw, 300px\" \/>\t\t\t\t\t\t\t\t\t\t\t\t\t\t\t<\/div>\n\t\t\t\t<\/div>\n\t\t\t\t\t<\/div>\n\t\t\t\t<\/div>\n\t\t\t\t<\/div>\n\t\t","protected":false},"excerpt":{"rendered":"<p>CAJAS Y EMPAQUES REGULAR RANURADAS CRR Cajas m\u00e1s comunes y econ\u00f3micas debido a que se aprovecha todo el pliego de [&hellip;]<\/p>\n","protected":false},"author":1,"featured_media":0,"parent":0,"menu_order":0,"comment_status":"closed","ping_status":"closed","template":"","meta":{"site-sidebar-layout":"no-sidebar","site-content-layout":"","ast-site-content-layout":"full-width-container","site-content-style":"default","site-sidebar-style":"default","ast-global-header-display":"","ast-banner-title-visibility":"","ast-main-header-display":"","ast-hfb-above-header-display":"","ast-hfb-below-header-display":"","ast-hfb-mobile-header-display":"","site-post-title":"disabled","ast-breadcrumbs-content":"","ast-featured-img":"disabled","footer-sml-layout":"","theme-transparent-header-meta":"","adv-header-id-meta":"","stick-header-meta":"","header-above-stick-meta":"","header-main-stick-meta":"","header-below-stick-meta":"","astra-migrate-meta-layouts":"default","ast-page-background-enabled":"default","ast-page-background-meta":{"desktop":{"background-color":"var(--ast-global-color-5)","background-image":"","background-repeat":"repeat","background-position":"center center","background-size":"auto","background-attachment":"scroll","background-type":"","background-media":"","overlay-type":"","overlay-color":"","overlay-opacity":"","overlay-gradient":""},"tablet":{"background-color":"","background-image":"","background-repeat":"repeat","background-position":"center center","background-size":"auto","background-attachment":"scroll","background-type":"","background-media":"","overlay-type":"","overlay-color":"","overlay-opacity":"","overlay-gradient":""},"mobile":{"background-color":"","background-image":"","background-repeat":"repeat","background-position":"center center","background-size":"auto","background-attachment":"scroll","background-type":"","background-media":"","overlay-type":"","overlay-color":"","overlay-opacity":"","overlay-gradient":""}},"ast-content-background-meta":{"desktop":{"background-color":"var(--ast-global-color-4)","background-image":"","background-repeat":"repeat","background-position":"center center","background-size":"auto","background-attachment":"scroll","background-type":"","background-media":"","overlay-type":"","overlay-color":"","overlay-opacity":"","overlay-gradient":""},"tablet":{"background-color":"var(--ast-global-color-4)","background-image":"","background-repeat":"repeat","background-position":"center center","background-size":"auto","background-attachment":"scroll","background-type":"","background-media":"","overlay-type":"","overlay-color":"","overlay-opacity":"","overlay-gradient":""},"mobile":{"background-color":"var(--ast-global-color-4)","background-image":"","background-repeat":"repeat","background-position":"center center","background-size":"auto","background-attachment":"scroll","background-type":"","background-media":"","overlay-type":"","overlay-color":"","overlay-opacity":"","overlay-gradient":""}},"footnotes":""},"class_list":["post-1196","page","type-page","status-publish","hentry"],"yoast_head":"<!-- This site is optimized with the Yoast SEO plugin v26.4 - https:\/\/yoast.com\/wordpress\/plugins\/seo\/ -->\n<title>Empaques - panelsystem<\/title>\n<meta name=\"robots\" content=\"index, follow, max-snippet:-1, max-image-preview:large, max-video-preview:-1\" \/>\n<link rel=\"canonical\" href=\"https:\/\/panelsystem.com.ve\/?page_id=1196\" \/>\n<meta property=\"og:locale\" content=\"en_US\" \/>\n<meta property=\"og:type\" content=\"article\" \/>\n<meta property=\"og:title\" content=\"Empaques - panelsystem\" \/>\n<meta property=\"og:description\" content=\"CAJAS Y EMPAQUES REGULAR RANURADAS CRR Cajas m\u00e1s comunes y econ\u00f3micas debido a que se aprovecha todo el pliego de [&hellip;]\" \/>\n<meta property=\"og:url\" content=\"https:\/\/panelsystem.com.ve\/?page_id=1196\" \/>\n<meta property=\"og:site_name\" content=\"panelsystem\" \/>\n<meta property=\"article:modified_time\" content=\"2026-02-06T13:52:18+00:00\" \/>\n<meta property=\"og:image\" content=\"https:\/\/panelsystem.com.ve\/wp-content\/uploads\/2026\/02\/c2.png\" \/>\n\t<meta property=\"og:image:width\" content=\"569\" \/>\n\t<meta property=\"og:image:height\" content=\"599\" \/>\n\t<meta property=\"og:image:type\" content=\"image\/png\" \/>\n<meta name=\"twitter:card\" content=\"summary_large_image\" \/>\n<meta name=\"twitter:label1\" content=\"Est. reading time\" \/>\n\t<meta name=\"twitter:data1\" content=\"1 minute\" \/>\n<script type=\"application\/ld+json\" class=\"yoast-schema-graph\">{\"@context\":\"https:\/\/schema.org\",\"@graph\":[{\"@type\":\"WebPage\",\"@id\":\"https:\/\/panelsystem.com.ve\/?page_id=1196\",\"url\":\"https:\/\/panelsystem.com.ve\/?page_id=1196\",\"name\":\"Empaques - panelsystem\",\"isPartOf\":{\"@id\":\"https:\/\/panelsystem.com.ve\/#website\"},\"primaryImageOfPage\":{\"@id\":\"https:\/\/panelsystem.com.ve\/?page_id=1196#primaryimage\"},\"image\":{\"@id\":\"https:\/\/panelsystem.com.ve\/?page_id=1196#primaryimage\"},\"thumbnailUrl\":\"https:\/\/panelsystem.com.ve\/wp-content\/uploads\/2026\/02\/c2-285x300.png\",\"datePublished\":\"2026-02-02T02:15:27+00:00\",\"dateModified\":\"2026-02-06T13:52:18+00:00\",\"breadcrumb\":{\"@id\":\"https:\/\/panelsystem.com.ve\/?page_id=1196#breadcrumb\"},\"inLanguage\":\"en-US\",\"potentialAction\":[{\"@type\":\"ReadAction\",\"target\":[\"https:\/\/panelsystem.com.ve\/?page_id=1196\"]}]},{\"@type\":\"ImageObject\",\"inLanguage\":\"en-US\",\"@id\":\"https:\/\/panelsystem.com.ve\/?page_id=1196#primaryimage\",\"url\":\"https:\/\/panelsystem.com.ve\/wp-content\/uploads\/2026\/02\/c2.png\",\"contentUrl\":\"https:\/\/panelsystem.com.ve\/wp-content\/uploads\/2026\/02\/c2.png\",\"width\":569,\"height\":599},{\"@type\":\"BreadcrumbList\",\"@id\":\"https:\/\/panelsystem.com.ve\/?page_id=1196#breadcrumb\",\"itemListElement\":[{\"@type\":\"ListItem\",\"position\":1,\"name\":\"Home\",\"item\":\"https:\/\/panelsystem.com.ve\/\"},{\"@type\":\"ListItem\",\"position\":2,\"name\":\"Empaques\"}]},{\"@type\":\"WebSite\",\"@id\":\"https:\/\/panelsystem.com.ve\/#website\",\"url\":\"https:\/\/panelsystem.com.ve\/\",\"name\":\"panelsystem\",\"description\":\"\",\"publisher\":{\"@id\":\"https:\/\/panelsystem.com.ve\/#organization\"},\"potentialAction\":[{\"@type\":\"SearchAction\",\"target\":{\"@type\":\"EntryPoint\",\"urlTemplate\":\"https:\/\/panelsystem.com.ve\/?s={search_term_string}\"},\"query-input\":{\"@type\":\"PropertyValueSpecification\",\"valueRequired\":true,\"valueName\":\"search_term_string\"}}],\"inLanguage\":\"en-US\"},{\"@type\":\"Organization\",\"@id\":\"https:\/\/panelsystem.com.ve\/#organization\",\"name\":\"panelsystem\",\"url\":\"https:\/\/panelsystem.com.ve\/\",\"logo\":{\"@type\":\"ImageObject\",\"inLanguage\":\"en-US\",\"@id\":\"https:\/\/panelsystem.com.ve\/#\/schema\/logo\/image\/\",\"url\":\"https:\/\/panelsystem.com.ve\/wp-content\/uploads\/2025\/11\/cropped-logo111.webp\",\"contentUrl\":\"https:\/\/panelsystem.com.ve\/wp-content\/uploads\/2025\/11\/cropped-logo111.webp\",\"width\":223,\"height\":211,\"caption\":\"panelsystem\"},\"image\":{\"@id\":\"https:\/\/panelsystem.com.ve\/#\/schema\/logo\/image\/\"}}]}<\/script>\n<!-- \/ Yoast SEO plugin. -->","yoast_head_json":{"title":"Empaques - panelsystem","robots":{"index":"index","follow":"follow","max-snippet":"max-snippet:-1","max-image-preview":"max-image-preview:large","max-video-preview":"max-video-preview:-1"},"canonical":"https:\/\/panelsystem.com.ve\/?page_id=1196","og_locale":"en_US","og_type":"article","og_title":"Empaques - panelsystem","og_description":"CAJAS Y EMPAQUES REGULAR RANURADAS CRR Cajas m\u00e1s comunes y econ\u00f3micas debido a que se aprovecha todo el pliego de [&hellip;]","og_url":"https:\/\/panelsystem.com.ve\/?page_id=1196","og_site_name":"panelsystem","article_modified_time":"2026-02-06T13:52:18+00:00","og_image":[{"width":569,"height":599,"url":"https:\/\/panelsystem.com.ve\/wp-content\/uploads\/2026\/02\/c2.png","type":"image\/png"}],"twitter_card":"summary_large_image","twitter_misc":{"Est. reading time":"1 minute"},"schema":{"@context":"https:\/\/schema.org","@graph":[{"@type":"WebPage","@id":"https:\/\/panelsystem.com.ve\/?page_id=1196","url":"https:\/\/panelsystem.com.ve\/?page_id=1196","name":"Empaques - panelsystem","isPartOf":{"@id":"https:\/\/panelsystem.com.ve\/#website"},"primaryImageOfPage":{"@id":"https:\/\/panelsystem.com.ve\/?page_id=1196#primaryimage"},"image":{"@id":"https:\/\/panelsystem.com.ve\/?page_id=1196#primaryimage"},"thumbnailUrl":"https:\/\/panelsystem.com.ve\/wp-content\/uploads\/2026\/02\/c2-285x300.png","datePublished":"2026-02-02T02:15:27+00:00","dateModified":"2026-02-06T13:52:18+00:00","breadcrumb":{"@id":"https:\/\/panelsystem.com.ve\/?page_id=1196#breadcrumb"},"inLanguage":"en-US","potentialAction":[{"@type":"ReadAction","target":["https:\/\/panelsystem.com.ve\/?page_id=1196"]}]},{"@type":"ImageObject","inLanguage":"en-US","@id":"https:\/\/panelsystem.com.ve\/?page_id=1196#primaryimage","url":"https:\/\/panelsystem.com.ve\/wp-content\/uploads\/2026\/02\/c2.png","contentUrl":"https:\/\/panelsystem.com.ve\/wp-content\/uploads\/2026\/02\/c2.png","width":569,"height":599},{"@type":"BreadcrumbList","@id":"https:\/\/panelsystem.com.ve\/?page_id=1196#breadcrumb","itemListElement":[{"@type":"ListItem","position":1,"name":"Home","item":"https:\/\/panelsystem.com.ve\/"},{"@type":"ListItem","position":2,"name":"Empaques"}]},{"@type":"WebSite","@id":"https:\/\/panelsystem.com.ve\/#website","url":"https:\/\/panelsystem.com.ve\/","name":"panelsystem","description":"","publisher":{"@id":"https:\/\/panelsystem.com.ve\/#organization"},"potentialAction":[{"@type":"SearchAction","target":{"@type":"EntryPoint","urlTemplate":"https:\/\/panelsystem.com.ve\/?s={search_term_string}"},"query-input":{"@type":"PropertyValueSpecification","valueRequired":true,"valueName":"search_term_string"}}],"inLanguage":"en-US"},{"@type":"Organization","@id":"https:\/\/panelsystem.com.ve\/#organization","name":"panelsystem","url":"https:\/\/panelsystem.com.ve\/","logo":{"@type":"ImageObject","inLanguage":"en-US","@id":"https:\/\/panelsystem.com.ve\/#\/schema\/logo\/image\/","url":"https:\/\/panelsystem.com.ve\/wp-content\/uploads\/2025\/11\/cropped-logo111.webp","contentUrl":"https:\/\/panelsystem.com.ve\/wp-content\/uploads\/2025\/11\/cropped-logo111.webp","width":223,"height":211,"caption":"panelsystem"},"image":{"@id":"https:\/\/panelsystem.com.ve\/#\/schema\/logo\/image\/"}}]}},"_links":{"self":[{"href":"https:\/\/panelsystem.com.ve\/index.php?rest_route=\/wp\/v2\/pages\/1196","targetHints":{"allow":["GET"]}}],"collection":[{"href":"https:\/\/panelsystem.com.ve\/index.php?rest_route=\/wp\/v2\/pages"}],"about":[{"href":"https:\/\/panelsystem.com.ve\/index.php?rest_route=\/wp\/v2\/types\/page"}],"author":[{"embeddable":true,"href":"https:\/\/panelsystem.com.ve\/index.php?rest_route=\/wp\/v2\/users\/1"}],"replies":[{"embeddable":true,"href":"https:\/\/panelsystem.com.ve\/index.php?rest_route=%2Fwp%2Fv2%2Fcomments&post=1196"}],"version-history":[{"count":77,"href":"https:\/\/panelsystem.com.ve\/index.php?rest_route=\/wp\/v2\/pages\/1196\/revisions"}],"predecessor-version":[{"id":1403,"href":"https:\/\/panelsystem.com.ve\/index.php?rest_route=\/wp\/v2\/pages\/1196\/revisions\/1403"}],"wp:attachment":[{"href":"https:\/\/panelsystem.com.ve\/index.php?rest_route=%2Fwp%2Fv2%2Fmedia&parent=1196"}],"curies":[{"name":"wp","href":"https:\/\/api.w.org\/{rel}","templated":true}]}}