{"id":102,"date":"2025-11-24T00:22:12","date_gmt":"2025-11-24T00:22:12","guid":{"rendered":"https:\/\/panelsystem.com.ve\/?page_id=102"},"modified":"2025-12-10T15:58:06","modified_gmt":"2025-12-10T15:58:06","slug":"contacto","status":"publish","type":"page","link":"https:\/\/panelsystem.com.ve\/?page_id=102","title":{"rendered":"Contacto"},"content":{"rendered":"\t\t<div data-elementor-type=\"wp-page\" data-elementor-id=\"102\" class=\"elementor elementor-102\">\n\t\t\t\t<div class=\"elementor-element elementor-element-2332ace e-flex e-con-boxed e-con e-parent\" data-id=\"2332ace\" data-element_type=\"container\">\n\t\t\t\t\t<div class=\"e-con-inner\">\n\t\t\t\t<div class=\"elementor-element elementor-element-327fb460 elementor-widget elementor-widget-text-editor\" data-id=\"327fb460\" data-element_type=\"widget\" data-widget_type=\"text-editor.default\">\n\t\t\t\t\t\t\t\t\t\n<div class=\"schema-faq wp-block-yoast-faq-block\">\n<div id=\"faq-question-1764076879245\" class=\"schema-faq-section\">\n<p class=\"schema-faq-answer\">\u00a0<\/p>\n<\/div>\n<\/div>\n\n<p>\u00a0<\/p>\n\t\t\t\t\t\t\t\t<\/div>\n\t\t\t\t\t<\/div>\n\t\t\t\t<\/div>\n\t\t<div class=\"elementor-element elementor-element-f0274c7 e-con-full e-flex e-con e-parent\" data-id=\"f0274c7\" data-element_type=\"container\" data-settings=\"{&quot;background_background&quot;:&quot;classic&quot;}\">\n\t\t\t\t<div class=\"elementor-element elementor-element-c31371b elementor-widget elementor-widget-heading\" data-id=\"c31371b\" data-element_type=\"widget\" data-widget_type=\"heading.default\">\n\t\t\t\t\t<h2 class=\"elementor-heading-title elementor-size-default\">Contamos con atenci\u00f3n personalizada<\/h2>\t\t\t\t<\/div>\n\t\t\t\t<div class=\"elementor-element elementor-element-73ffa31 elementor-widget elementor-widget-text-editor\" data-id=\"73ffa31\" data-element_type=\"widget\" data-widget_type=\"text-editor.default\">\n\t\t\t\t\t\t\t\t\t<p style=\"text-align: center;\">Cont\u00e1ctanos a trav\u00e9s de nuestros canales Oficiales<\/p>\t\t\t\t\t\t\t\t<\/div>\n\t\t\t\t<\/div>\n\t\t<div class=\"elementor-element elementor-element-ace82ed e-grid e-con-boxed e-con e-parent\" data-id=\"ace82ed\" data-element_type=\"container\" data-settings=\"{&quot;background_background&quot;:&quot;classic&quot;}\">\n\t\t\t\t\t<div class=\"e-con-inner\">\n\t\t\t\t<div class=\"elementor-element elementor-element-e555484 elementor-widget elementor-widget-wpforms\" data-id=\"e555484\" data-element_type=\"widget\" data-widget_type=\"wpforms.default\">\n\t\t\t\t<div class=\"elementor-widget-container\">\n\t\t\t\t\t<style id=\"wpforms-css-vars-elementor-widget-e555484\">\n\t\t\t\t.elementor-widget-wpforms.elementor-element-e555484 {\n\t\t\t\t--wpforms-button-background-color: #EF0000;\n\t\t\t}\n\t\t\t<\/style><div class=\"wpforms-container wpforms-container-full wpforms-render-modern\" id=\"wpforms-681\"><form id=\"wpforms-form-681\" class=\"wpforms-validate wpforms-form wpforms-ajax-form\" data-formid=\"681\" method=\"post\" enctype=\"multipart\/form-data\" action=\"\/index.php?rest_route=%2Fwp%2Fv2%2Fpages%2F102\" data-token=\"b6abfbf18aee6c51091db4f11bd0dd92\" data-token-time=\"1776514043\"><noscript class=\"wpforms-error-noscript\">Please enable JavaScript in your browser to complete this form.<\/noscript><div id=\"wpforms-error-noscript\" style=\"display: none;\">Please enable JavaScript in your browser to complete this form.<\/div><div class=\"wpforms-field-container\"><div id=\"wpforms-681-field_1-container\" class=\"wpforms-field wpforms-field-name\" data-field-id=\"1\"><label class=\"wpforms-field-label\" for=\"wpforms-681-field_1\">PERSONA CONTACTO <span class=\"wpforms-required-label\" aria-hidden=\"true\">*<\/span><\/label><input type=\"text\" id=\"wpforms-681-field_1\" class=\"wpforms-field-medium wpforms-field-required\" name=\"wpforms[fields][1]\" aria-errormessage=\"wpforms-681-field_1-error\" aria-describedby=\"wpforms-681-field_1-description\" required><div id=\"wpforms-681-field_1-description\" class=\"wpforms-field-description\">Ingrese Nombre y Apllido.<\/div><\/div>\t\t<div id=\"wpforms-681-field_4-container\"\n\t\t\tclass=\"wpforms-field wpforms-field-text\"\n\t\t\tdata-field-type=\"text\"\n\t\t\tdata-field-id=\"4\"\n\t\t\t>\n\t\t\t<label class=\"wpforms-field-label\" for=\"wpforms-681-field_4\" >Email CONTACTO MENSAJE<\/label>\n\t\t\t<input type=\"text\" id=\"wpforms-681-field_4\" class=\"wpforms-field-medium\" name=\"wpforms[fields][4]\" >\n\t\t<\/div>\n\t\t<div id=\"wpforms-681-field_2-container\" class=\"wpforms-field wpforms-field-email\" data-field-id=\"2\"><label class=\"wpforms-field-label\" for=\"wpforms-681-field_2\">Email <span class=\"wpforms-required-label\" aria-hidden=\"true\">*<\/span><\/label><input type=\"email\" id=\"wpforms-681-field_2\" class=\"wpforms-field-medium wpforms-field-required\" name=\"wpforms[fields][2]\" spellcheck=\"false\" aria-errormessage=\"wpforms-681-field_2-error\" required><\/div><div id=\"wpforms-681-field_3-container\" class=\"wpforms-field wpforms-field-textarea\" data-field-id=\"3\"><label class=\"wpforms-field-label\" for=\"wpforms-681-field_3\">MENSAJE <span class=\"wpforms-required-label\" aria-hidden=\"true\">*<\/span><\/label><textarea id=\"wpforms-681-field_3\" class=\"wpforms-field-medium wpforms-field-required\" name=\"wpforms[fields][3]\" aria-errormessage=\"wpforms-681-field_3-error\" aria-describedby=\"wpforms-681-field_3-description\" required><\/textarea><div id=\"wpforms-681-field_3-description\" class=\"wpforms-field-description\">Indique nombre de la Empresa y Rif al momento de enviar el mensaje<\/div><\/div><script>\n\t\t\t\t( function() {\n\t\t\t\t\tconst style = document.createElement( 'style' );\n\t\t\t\t\tstyle.appendChild( document.createTextNode( '#wpforms-681-field_4-container { position: absolute !important; overflow: hidden !important; display: inline !important; height: 1px !important; width: 1px !important; z-index: -1000 !important; padding: 0 !important; } #wpforms-681-field_4-container input { visibility: hidden; } #wpforms-conversational-form-page #wpforms-681-field_4-container label { counter-increment: none; }' ) );\n\t\t\t\t\tdocument.head.appendChild( style );\n\t\t\t\t\tdocument.currentScript?.remove();\n\t\t\t\t} )();\n\t\t\t<\/script><\/div><!-- .wpforms-field-container --><div class=\"wpforms-submit-container\" ><input type=\"hidden\" name=\"wpforms[id]\" value=\"681\"><input type=\"hidden\" name=\"page_title\" value=\"\"><input type=\"hidden\" name=\"page_url\" value=\"https:\/\/panelsystem.com.ve\/index.php?rest_route=\/wp\/v2\/pages\/102\"><input type=\"hidden\" name=\"url_referer\" value=\"\"><button type=\"submit\" name=\"wpforms[submit]\" id=\"wpforms-submit-681\" class=\"wpforms-submit\" data-alt-text=\"Sending...\" data-submit-text=\"Submit\" aria-live=\"assertive\" value=\"wpforms-submit\">Submit<\/button><img decoding=\"async\" src=\"https:\/\/panelsystem.com.ve\/wp-content\/plugins\/wpforms-lite\/assets\/images\/submit-spin.svg\" class=\"wpforms-submit-spinner\" style=\"display: none;\" width=\"26\" height=\"26\" alt=\"Loading\"><\/div><\/form><\/div>  <!-- .wpforms-container -->\t\t\t\t<\/div>\n\t\t\t\t<\/div>\n\t\t\t\t<div class=\"elementor-element elementor-element-4263d26 elementor-widget elementor-widget-text-editor\" data-id=\"4263d26\" data-element_type=\"widget\" data-widget_type=\"text-editor.default\">\n\t\t\t\t\t\t\t\t\t<p>Horario de atenci\u00f3n de nuestros asesores v\u00eda llamada telef\u00f3nica es de 8:00 AM a 5:30 PM<\/p>\n<p><img decoding=\"async\" class=\"alignnone wp-image-709\" src=\"https:\/\/panelsystem.com.ve\/wp-content\/uploads\/2025\/12\/phone-icon-noir-150x150.png\" alt=\"\" width=\"20\" height=\"20\" srcset=\"https:\/\/panelsystem.com.ve\/wp-content\/uploads\/2025\/12\/phone-icon-noir-150x150.png 150w, https:\/\/panelsystem.com.ve\/wp-content\/uploads\/2025\/12\/phone-icon-noir-300x300.png 300w, https:\/\/panelsystem.com.ve\/wp-content\/uploads\/2025\/12\/phone-icon-noir.png 512w\" sizes=\"(max-width: 20px) 100vw, 20px\" \/>\u00a0 \u00a0<strong> \u00a0Nuestros n\u00fameros telef\u00f3nicos:<\/strong><\/p>\n<ul>\n<li><strong><em>+58 0212 -7539722\u00a0<\/em><\/strong><\/li>\n<li><strong><em>+58 0212-7530098<\/em><\/strong><\/li>\n<li><strong><em>+58 0212-7535964<\/em><\/strong><\/li>\n<li><strong><em>+58 0212-7539655<\/em><\/strong><\/li>\n<\/ul>\n<p>\u00a0<\/p>\t\t\t\t\t\t\t\t<\/div>\n\t\t\t\t<div class=\"elementor-element elementor-element-55c4388 elementor-widget elementor-widget-google_maps\" data-id=\"55c4388\" data-element_type=\"widget\" data-widget_type=\"google_maps.default\">\n\t\t\t\t\t\t\t<div class=\"elementor-custom-embed\">\n\t\t\t<iframe loading=\"lazy\"\n\t\t\t\t\tsrc=\"https:\/\/maps.google.com\/maps?q=panelsystem%20cua&#038;t=m&#038;z=10&#038;output=embed&#038;iwloc=near\"\n\t\t\t\t\ttitle=\"panelsystem cua\"\n\t\t\t\t\taria-label=\"panelsystem cua\"\n\t\t\t><\/iframe>\n\t\t<\/div>\n\t\t\t\t\t\t<\/div>\n\t\t\t\t\t<\/div>\n\t\t\t\t<\/div>\n\t\t\t\t<\/div>\n\t\t","protected":false},"excerpt":{"rendered":"<p>\u00a0 Contamos con atenci\u00f3n personalizada Cont\u00e1ctanos a trav\u00e9s de nuestros canales Oficiales Please enable JavaScript in your browser to complete [&hellip;]<\/p>\n","protected":false},"author":1,"featured_media":0,"parent":0,"menu_order":0,"comment_status":"closed","ping_status":"closed","template":"","meta":{"site-sidebar-layout":"no-sidebar","site-content-layout":"","ast-site-content-layout":"full-width-container","site-content-style":"default","site-sidebar-style":"default","ast-global-header-display":"","ast-banner-title-visibility":"","ast-main-header-display":"","ast-hfb-above-header-display":"","ast-hfb-below-header-display":"","ast-hfb-mobile-header-display":"","site-post-title":"disabled","ast-breadcrumbs-content":"","ast-featured-img":"disabled","footer-sml-layout":"","theme-transparent-header-meta":"","adv-header-id-meta":"","stick-header-meta":"","header-above-stick-meta":"","header-main-stick-meta":"","header-below-stick-meta":"","astra-migrate-meta-layouts":"default","ast-page-background-enabled":"default","ast-page-background-meta":{"desktop":{"background-color":"var(--ast-global-color-5)","background-image":"","background-repeat":"repeat","background-position":"center center","background-size":"auto","background-attachment":"scroll","background-type":"","background-media":"","overlay-type":"","overlay-color":"","overlay-opacity":"","overlay-gradient":""},"tablet":{"background-color":"","background-image":"","background-repeat":"repeat","background-position":"center center","background-size":"auto","background-attachment":"scroll","background-type":"","background-media":"","overlay-type":"","overlay-color":"","overlay-opacity":"","overlay-gradient":""},"mobile":{"background-color":"","background-image":"","background-repeat":"repeat","background-position":"center center","background-size":"auto","background-attachment":"scroll","background-type":"","background-media":"","overlay-type":"","overlay-color":"","overlay-opacity":"","overlay-gradient":""}},"ast-content-background-meta":{"desktop":{"background-color":"var(--ast-global-color-4)","background-image":"","background-repeat":"repeat","background-position":"center center","background-size":"auto","background-attachment":"scroll","background-type":"","background-media":"","overlay-type":"","overlay-color":"","overlay-opacity":"","overlay-gradient":""},"tablet":{"background-color":"var(--ast-global-color-4)","background-image":"","background-repeat":"repeat","background-position":"center center","background-size":"auto","background-attachment":"scroll","background-type":"","background-media":"","overlay-type":"","overlay-color":"","overlay-opacity":"","overlay-gradient":""},"mobile":{"background-color":"var(--ast-global-color-4)","background-image":"","background-repeat":"repeat","background-position":"center center","background-size":"auto","background-attachment":"scroll","background-type":"","background-media":"","overlay-type":"","overlay-color":"","overlay-opacity":"","overlay-gradient":""}},"footnotes":""},"class_list":["post-102","page","type-page","status-publish","hentry"],"yoast_head":"<!-- This site is optimized with the Yoast SEO plugin v26.4 - https:\/\/yoast.com\/wordpress\/plugins\/seo\/ -->\n<title>Contacto - panelsystem<\/title>\n<meta name=\"description\" content=\"Cont\u00e1ctanos a trav\u00e9s de nuestros canales oficiales y descubre cada beneficio de nuestros productos fabricados en territorio nacional.\" \/>\n<meta name=\"robots\" content=\"index, follow, max-snippet:-1, max-image-preview:large, max-video-preview:-1\" \/>\n<link rel=\"canonical\" href=\"https:\/\/panelsystem.com.ve\/?page_id=102\" \/>\n<meta property=\"og:locale\" content=\"en_US\" \/>\n<meta property=\"og:type\" content=\"article\" \/>\n<meta property=\"og:title\" content=\"Contacto - panelsystem\" \/>\n<meta property=\"og:description\" content=\"Cont\u00e1ctanos a trav\u00e9s de nuestros canales oficiales y descubre cada beneficio de nuestros productos fabricados en territorio nacional.\" \/>\n<meta property=\"og:url\" content=\"https:\/\/panelsystem.com.ve\/?page_id=102\" \/>\n<meta property=\"og:site_name\" content=\"panelsystem\" \/>\n<meta property=\"article:modified_time\" content=\"2025-12-10T15:58:06+00:00\" \/>\n<meta property=\"og:image\" content=\"https:\/\/panelsystem.com.ve\/wp-content\/plugins\/wpforms-lite\/assets\/images\/submit-spin.svg\" \/>\n<meta name=\"twitter:card\" content=\"summary_large_image\" \/>\n<meta name=\"twitter:label1\" content=\"Est. reading time\" \/>\n\t<meta name=\"twitter:data1\" content=\"1 minute\" \/>\n<script type=\"application\/ld+json\" class=\"yoast-schema-graph\">{\"@context\":\"https:\/\/schema.org\",\"@graph\":[{\"@type\":[\"WebPage\",\"FAQPage\"],\"@id\":\"https:\/\/panelsystem.com.ve\/?page_id=102\",\"url\":\"https:\/\/panelsystem.com.ve\/?page_id=102\",\"name\":\"Contacto - panelsystem\",\"isPartOf\":{\"@id\":\"https:\/\/panelsystem.com.ve\/#website\"},\"primaryImageOfPage\":{\"@id\":\"https:\/\/panelsystem.com.ve\/?page_id=102#primaryimage\"},\"image\":{\"@id\":\"https:\/\/panelsystem.com.ve\/?page_id=102#primaryimage\"},\"thumbnailUrl\":\"https:\/\/panelsystem.com.ve\/wp-content\/plugins\/wpforms-lite\/assets\/images\/submit-spin.svg\",\"datePublished\":\"2025-11-24T00:22:12+00:00\",\"dateModified\":\"2025-12-10T15:58:06+00:00\",\"description\":\"Cont\u00e1ctanos a trav\u00e9s de nuestros canales oficiales y descubre cada beneficio de nuestros productos fabricados en territorio nacional.\",\"breadcrumb\":{\"@id\":\"https:\/\/panelsystem.com.ve\/?page_id=102#breadcrumb\"},\"inLanguage\":\"en-US\",\"potentialAction\":[{\"@type\":\"ReadAction\",\"target\":[\"https:\/\/panelsystem.com.ve\/?page_id=102\"]}]},{\"@type\":\"ImageObject\",\"inLanguage\":\"en-US\",\"@id\":\"https:\/\/panelsystem.com.ve\/?page_id=102#primaryimage\",\"url\":\"https:\/\/panelsystem.com.ve\/wp-content\/plugins\/wpforms-lite\/assets\/images\/submit-spin.svg\",\"contentUrl\":\"https:\/\/panelsystem.com.ve\/wp-content\/plugins\/wpforms-lite\/assets\/images\/submit-spin.svg\"},{\"@type\":\"BreadcrumbList\",\"@id\":\"https:\/\/panelsystem.com.ve\/?page_id=102#breadcrumb\",\"itemListElement\":[{\"@type\":\"ListItem\",\"position\":1,\"name\":\"Home\",\"item\":\"https:\/\/panelsystem.com.ve\/\"},{\"@type\":\"ListItem\",\"position\":2,\"name\":\"Contacto\"}]},{\"@type\":\"WebSite\",\"@id\":\"https:\/\/panelsystem.com.ve\/#website\",\"url\":\"https:\/\/panelsystem.com.ve\/\",\"name\":\"panelsystem\",\"description\":\"\",\"publisher\":{\"@id\":\"https:\/\/panelsystem.com.ve\/#organization\"},\"potentialAction\":[{\"@type\":\"SearchAction\",\"target\":{\"@type\":\"EntryPoint\",\"urlTemplate\":\"https:\/\/panelsystem.com.ve\/?s={search_term_string}\"},\"query-input\":{\"@type\":\"PropertyValueSpecification\",\"valueRequired\":true,\"valueName\":\"search_term_string\"}}],\"inLanguage\":\"en-US\"},{\"@type\":\"Organization\",\"@id\":\"https:\/\/panelsystem.com.ve\/#organization\",\"name\":\"panelsystem\",\"url\":\"https:\/\/panelsystem.com.ve\/\",\"logo\":{\"@type\":\"ImageObject\",\"inLanguage\":\"en-US\",\"@id\":\"https:\/\/panelsystem.com.ve\/#\/schema\/logo\/image\/\",\"url\":\"https:\/\/panelsystem.com.ve\/wp-content\/uploads\/2025\/11\/cropped-logo111.webp\",\"contentUrl\":\"https:\/\/panelsystem.com.ve\/wp-content\/uploads\/2025\/11\/cropped-logo111.webp\",\"width\":223,\"height\":211,\"caption\":\"panelsystem\"},\"image\":{\"@id\":\"https:\/\/panelsystem.com.ve\/#\/schema\/logo\/image\/\"}}]}<\/script>\n<!-- \/ Yoast SEO plugin. -->","yoast_head_json":{"title":"Contacto - panelsystem","description":"Cont\u00e1ctanos a trav\u00e9s de nuestros canales oficiales y descubre cada beneficio de nuestros productos fabricados en territorio nacional.","robots":{"index":"index","follow":"follow","max-snippet":"max-snippet:-1","max-image-preview":"max-image-preview:large","max-video-preview":"max-video-preview:-1"},"canonical":"https:\/\/panelsystem.com.ve\/?page_id=102","og_locale":"en_US","og_type":"article","og_title":"Contacto - panelsystem","og_description":"Cont\u00e1ctanos a trav\u00e9s de nuestros canales oficiales y descubre cada beneficio de nuestros productos fabricados en territorio nacional.","og_url":"https:\/\/panelsystem.com.ve\/?page_id=102","og_site_name":"panelsystem","article_modified_time":"2025-12-10T15:58:06+00:00","og_image":[{"url":"https:\/\/panelsystem.com.ve\/wp-content\/plugins\/wpforms-lite\/assets\/images\/submit-spin.svg","type":"","width":"","height":""}],"twitter_card":"summary_large_image","twitter_misc":{"Est. reading time":"1 minute"},"schema":{"@context":"https:\/\/schema.org","@graph":[{"@type":["WebPage","FAQPage"],"@id":"https:\/\/panelsystem.com.ve\/?page_id=102","url":"https:\/\/panelsystem.com.ve\/?page_id=102","name":"Contacto - panelsystem","isPartOf":{"@id":"https:\/\/panelsystem.com.ve\/#website"},"primaryImageOfPage":{"@id":"https:\/\/panelsystem.com.ve\/?page_id=102#primaryimage"},"image":{"@id":"https:\/\/panelsystem.com.ve\/?page_id=102#primaryimage"},"thumbnailUrl":"https:\/\/panelsystem.com.ve\/wp-content\/plugins\/wpforms-lite\/assets\/images\/submit-spin.svg","datePublished":"2025-11-24T00:22:12+00:00","dateModified":"2025-12-10T15:58:06+00:00","description":"Cont\u00e1ctanos a trav\u00e9s de nuestros canales oficiales y descubre cada beneficio de nuestros productos fabricados en territorio nacional.","breadcrumb":{"@id":"https:\/\/panelsystem.com.ve\/?page_id=102#breadcrumb"},"inLanguage":"en-US","potentialAction":[{"@type":"ReadAction","target":["https:\/\/panelsystem.com.ve\/?page_id=102"]}]},{"@type":"ImageObject","inLanguage":"en-US","@id":"https:\/\/panelsystem.com.ve\/?page_id=102#primaryimage","url":"https:\/\/panelsystem.com.ve\/wp-content\/plugins\/wpforms-lite\/assets\/images\/submit-spin.svg","contentUrl":"https:\/\/panelsystem.com.ve\/wp-content\/plugins\/wpforms-lite\/assets\/images\/submit-spin.svg"},{"@type":"BreadcrumbList","@id":"https:\/\/panelsystem.com.ve\/?page_id=102#breadcrumb","itemListElement":[{"@type":"ListItem","position":1,"name":"Home","item":"https:\/\/panelsystem.com.ve\/"},{"@type":"ListItem","position":2,"name":"Contacto"}]},{"@type":"WebSite","@id":"https:\/\/panelsystem.com.ve\/#website","url":"https:\/\/panelsystem.com.ve\/","name":"panelsystem","description":"","publisher":{"@id":"https:\/\/panelsystem.com.ve\/#organization"},"potentialAction":[{"@type":"SearchAction","target":{"@type":"EntryPoint","urlTemplate":"https:\/\/panelsystem.com.ve\/?s={search_term_string}"},"query-input":{"@type":"PropertyValueSpecification","valueRequired":true,"valueName":"search_term_string"}}],"inLanguage":"en-US"},{"@type":"Organization","@id":"https:\/\/panelsystem.com.ve\/#organization","name":"panelsystem","url":"https:\/\/panelsystem.com.ve\/","logo":{"@type":"ImageObject","inLanguage":"en-US","@id":"https:\/\/panelsystem.com.ve\/#\/schema\/logo\/image\/","url":"https:\/\/panelsystem.com.ve\/wp-content\/uploads\/2025\/11\/cropped-logo111.webp","contentUrl":"https:\/\/panelsystem.com.ve\/wp-content\/uploads\/2025\/11\/cropped-logo111.webp","width":223,"height":211,"caption":"panelsystem"},"image":{"@id":"https:\/\/panelsystem.com.ve\/#\/schema\/logo\/image\/"}}]}},"_links":{"self":[{"href":"https:\/\/panelsystem.com.ve\/index.php?rest_route=\/wp\/v2\/pages\/102","targetHints":{"allow":["GET"]}}],"collection":[{"href":"https:\/\/panelsystem.com.ve\/index.php?rest_route=\/wp\/v2\/pages"}],"about":[{"href":"https:\/\/panelsystem.com.ve\/index.php?rest_route=\/wp\/v2\/types\/page"}],"author":[{"embeddable":true,"href":"https:\/\/panelsystem.com.ve\/index.php?rest_route=\/wp\/v2\/users\/1"}],"replies":[{"embeddable":true,"href":"https:\/\/panelsystem.com.ve\/index.php?rest_route=%2Fwp%2Fv2%2Fcomments&post=102"}],"version-history":[{"count":81,"href":"https:\/\/panelsystem.com.ve\/index.php?rest_route=\/wp\/v2\/pages\/102\/revisions"}],"predecessor-version":[{"id":765,"href":"https:\/\/panelsystem.com.ve\/index.php?rest_route=\/wp\/v2\/pages\/102\/revisions\/765"}],"wp:attachment":[{"href":"https:\/\/panelsystem.com.ve\/index.php?rest_route=%2Fwp%2Fv2%2Fmedia&parent=102"}],"curies":[{"name":"wp","href":"https:\/\/api.w.org\/{rel}","templated":true}]}}